{"id":3,"date":"2022-11-30T22:46:19","date_gmt":"2022-11-30T22:46:19","guid":{"rendered":"http:\/\/blaudaro.com\/?page_id=3"},"modified":"2025-02-06T13:34:06","modified_gmt":"2025-02-06T12:34:06","slug":"politica-de-privacitat","status":"publish","type":"page","link":"https:\/\/blaudaro.com\/es\/politica-de-privacidad\/","title":{"rendered":"Pol\u00edtica de privacidad"},"content":{"rendered":"<div data-elementor-type=\"wp-page\" data-elementor-id=\"3\" class=\"elementor elementor-3\" data-elementor-post-type=\"page\">\n\t\t\t\t<div class=\"elementor-element elementor-element-68bcdc7 elementor-hidden-widescreen elementor-hidden-desktop elementor-hidden-laptop elementor-hidden-tablet_extra elementor-hidden-tablet elementor-hidden-mobile_extra elementor-hidden-mobile e-flex e-con-boxed e-con e-parent\" data-id=\"68bcdc7\" data-element_type=\"container\" data-settings=\"{&quot;background_background&quot;:&quot;classic&quot;}\">\n\t\t\t\t\t<div class=\"e-con-inner\">\n\t\t\t\t<div class=\"elementor-element elementor-element-0253590 elementor-widget__width-initial elementor-view-default elementor-widget elementor-widget-icon\" data-id=\"0253590\" data-element_type=\"widget\" data-widget_type=\"icon.default\">\n\t\t\t\t<div class=\"elementor-widget-container\">\n\t\t\t\t\t\t\t<div class=\"elementor-icon-wrapper\">\n\t\t\t<a class=\"elementor-icon\" href=\"https:\/\/blaudaro.com\/es\">\n\t\t\t<svg xmlns=\"http:\/\/www.w3.org\/2000\/svg\" xmlns:xlink=\"http:\/\/www.w3.org\/1999\/xlink\" id=\"Grupo_673\" data-name=\"Grupo 673\" width=\"1855.312\" height=\"264.084\" viewbox=\"0 0 1855.312 264.084\"><defs><clippath id=\"clip-path\"><rect id=\"Rect&#xE1;ngulo_121\" data-name=\"Rect&#xE1;ngulo 121\" width=\"1855.312\" height=\"264.084\" fill=\"#fff\"><\/rect><\/clippath><\/defs><g id=\"Grupo_281\" data-name=\"Grupo 281\" transform=\"translate(0 0)\" clip-path=\"url(#clip-path)\"><path id=\"Trazado_212\" data-name=\"Trazado 212\" d=\"M90.255,115.014c22.28-9.437,40.6-30.212,40.6-54,0-33.609-34.362-59.477-66.086-59.477H0v254.9H84.968c37.767,0,75.337-32.287,75.337-71,0-37.95-34.176-67.785-70.05-70.43M22.656,7.2h38.9c28.7,0,46.638,23.036,46.638,53.814,0,28.889-19.638,53.814-46.638,53.814h-38.9ZM81.19,250.778H22.656V120.491H81.19c33.989,0,56.459,28.323,56.459,64.954,0,34.366-24.358,65.333-56.459,65.333\" transform=\"translate(0 3.869)\" fill=\"#fff\"><\/path><path id=\"Trazado_213\" data-name=\"Trazado 213\" d=\"M85.415,1.536H62.759V256.443H185.491v-5.667H85.415Z\" transform=\"translate(157.994 3.867)\" fill=\"#fff\"><\/path><path id=\"Trazado_214\" data-name=\"Trazado 214\" d=\"M113.386,256.443h6.039l26.81-65.523H269.917l26.624,65.523h24.541L217.236,1.536ZM148.5,185.257,208.171,38.923l59.477,146.334Z\" transform=\"translate(285.445 3.866)\" fill=\"#fff\"><\/path><path id=\"Trazado_215\" data-name=\"Trazado 215\" d=\"M355.818,151.647c0,81.57-37.764,102.907-75.527,102.907s-75.527-26.434-75.527-101.961V1.536H182.1V152.594c0,84.968,58.534,107.624,98.187,107.624s81.19-22.656,81.19-108.57V1.536h-5.663Z\" transform=\"translate(458.441 3.866)\" fill=\"#fff\"><\/path><path id=\"Trazado_216\" data-name=\"Trazado 216\" d=\"M334.877,1.537H249.909v254.9h84.968c67.975,0,114.8-59.477,114.8-127.452S402.852,1.537,334.877,1.537M331.1,250.778H272.565V7.2H331.1c58.538,0,95.925,63.255,95.925,121.789S389.637,250.778,331.1,250.778\" transform=\"translate(629.138 3.869)\" fill=\"#fff\"><\/path><path id=\"Trazado_217\" data-name=\"Trazado 217\" d=\"M314.762,256.443h6.04l26.81-65.523H471.292l26.624,65.523h24.545L418.612,1.536Zm35.118-71.186L409.547,38.923l59.477,146.334Z\" transform=\"translate(792.403 3.866)\" fill=\"#fff\"><\/path><path id=\"Trazado_218\" data-name=\"Trazado 218\" d=\"M479.362,143.149c37.763,0,75.341-32.287,75.341-71,0-39.839-37.577-70.617-75.341-70.617H390.62V256.443h22.656V143.149h32.1L556.211,256.443h7.932L453.3,143.149Zm-66.086-5.663V7.2h62.312c33.986,0,56.456,28.323,56.456,64.954,0,34.366-24.355,65.333-56.456,65.333Z\" transform=\"translate(983.373 3.866)\" fill=\"#fff\"><\/path><path id=\"Trazado_219\" data-name=\"Trazado 219\" d=\"M637.238,12.937A123.215,123.215,0,0,0,490.584,40.908a130.781,130.781,0,0,0-37.742,91.947c0,72.319,58.91,131.23,131.229,131.23S715.3,205.174,715.3,132.855a131.445,131.445,0,0,0-78.06-119.917m55.4,119.917c0,3.236-.141,6.433-.352,9.61a104.591,104.591,0,0,0-12.23-.7c-21.161,0-31.875,5.241-42.238,10.313-10.13,4.956-19.7,9.634-39.315,9.634s-29.188-4.678-39.314-9.634c-10.366-5.072-21.08-10.313-42.238-10.313-19.835,0-30.493,4.611-40.289,9.363a145.3,145.3,0,0,1-1.111-15.72c.661-.362,1.347-.725,2.089-1.087,10.13-4.956,19.694-9.634,39.311-9.634s29.185,4.678,39.315,9.634c10.366,5.069,21.077,10.31,42.238,10.31s31.872-5.241,42.234-10.31c10.13-4.956,19.7-9.634,39.318-9.634a80.089,80.089,0,0,1,12.381.858c.123,2.417.2,4.851.2,7.306m-12.582,52.2c-21.161,0-31.875,5.245-42.238,10.313-10.13,4.953-19.7,9.634-39.315,9.634s-29.188-4.682-39.314-9.634c-10.366-5.069-21.08-10.313-42.238-10.313-13.046,0-22.114,2-29.585,4.713-1.783-4.031-3.391-8.178-4.791-12.441,8.565-3.978,17.943-7.267,34.376-7.267,19.621,0,29.185,4.682,39.315,9.634,10.366,5.069,21.077,10.313,42.238,10.313s31.872-5.245,42.234-10.313c10.13-4.953,19.7-9.634,39.318-9.634,2.729,0,5.255.1,7.626.267a138.061,138.061,0,0,1-4.956,14.78c-.883-.021-1.748-.053-2.67-.053M691.931,118.7a104,104,0,0,0-11.871-.658c-21.161,0-31.875,5.241-42.238,10.313-10.13,4.953-19.7,9.634-39.315,9.634s-29.188-4.682-39.314-9.634c-10.366-5.072-21.08-10.313-42.238-10.313-20.552,0-31.253,4.949-41.348,9.881C477.865,61.081,525.646,7.288,584.072,7.288c55.706,0,101.743,48.917,107.86,111.409M680.06,163.414c-21.161,0-31.875,5.241-42.238,10.31-10.13,4.956-19.7,9.634-39.315,9.634s-29.188-4.678-39.314-9.634c-10.366-5.069-21.08-10.31-42.238-10.31-17.208,0-27.507,3.468-36.332,7.489-1.161-4.2-2.146-8.495-2.923-12.877,10.106-4.942,19.677-9.606,39.255-9.606,19.621,0,29.185,4.678,39.315,9.634,10.366,5.069,21.077,10.31,42.238,10.31s31.872-5.241,42.234-10.31c10.13-4.956,19.7-9.634,39.318-9.634a98.149,98.149,0,0,1,11.639.665,142.116,142.116,0,0,1-2.41,14.714c-2.852-.239-5.9-.383-9.229-.383m-31.9,70.666c-3.436,1.593-6.5,3.451-10.341,5.329-10.13,4.956-19.7,9.634-39.315,9.634s-29.188-4.678-39.314-9.634c-10.366-5.069-21.08-10.31-42.238-10.31-.837,0-1.625.021-2.431.039a119.459,119.459,0,0,1-11.562-12.99,93.215,93.215,0,0,1,13.992-.992c19.621,0,29.185,4.678,39.315,9.631,10.366,5.072,21.077,10.313,42.238,10.313s31.872-5.241,42.234-10.313c7.141-3.489,14.035-6.831,24.334-8.505a117.423,117.423,0,0,1-16.912,17.8m-126,1.8c16.173.756,24.925,5.012,34.109,9.5,10.366,5.069,21.077,10.31,42.238,10.31,3.451,0,6.606-.151,9.547-.4a94.287,94.287,0,0,1-23.982,3.131c-23,0-44.334-8.357-61.911-22.54m148.167-26.951c-14.967,1.33-23.87,5.663-32.505,9.891-10.13,4.953-19.7,9.634-39.315,9.634s-29.188-4.682-39.314-9.634c-10.366-5.072-21.08-10.313-42.238-10.313a95.9,95.9,0,0,0-18.329,1.615,128.528,128.528,0,0,1-8.4-14.309c6.828-2.417,14.967-4.1,26.733-4.1,19.621,0,29.185,4.682,39.315,9.638,10.366,5.069,21.077,10.31,42.238,10.31s31.872-5.241,42.234-10.31c10.1-4.946,19.652-9.61,39.17-9.634a129.879,129.879,0,0,1-9.585,17.218\" transform=\"translate(1140.014 0)\" fill=\"#fff\"><\/path><\/g><\/svg>\t\t\t<\/a>\n\t\t<\/div>\n\t\t\t\t\t\t<\/div>\n\t\t\t\t<\/div>\n\t\t\t\t<div class=\"elementor-element elementor-element-9556aa7 elementor-align-right elementor-widget__width-auto elementor-widget elementor-widget-button\" data-id=\"9556aa7\" data-element_type=\"widget\" data-widget_type=\"button.default\">\n\t\t\t\t<div class=\"elementor-widget-container\">\n\t\t\t\t\t\t\t\t\t<div class=\"elementor-button-wrapper\">\n\t\t\t\t\t<a class=\"elementor-button elementor-button-link elementor-size-sm\" href=\"https:\/\/blaudaro.com\/es\">\n\t\t\t\t\t\t<span class=\"elementor-button-content-wrapper\">\n\t\t\t\t\t\t<span class=\"elementor-button-icon\">\n\t\t\t\t<i aria-hidden=\"true\" class=\"fas fa-arrow-left\"><\/i>\t\t\t<\/span>\n\t\t\t\t\t\t\t\t\t<span class=\"elementor-button-text\">Volver al inicio<\/span>\n\t\t\t\t\t<\/span>\n\t\t\t\t\t<\/a>\n\t\t\t\t<\/div>\n\t\t\t\t\t\t\t\t<\/div>\n\t\t\t\t<\/div>\n\t\t\t\t\t<\/div>\n\t\t\t\t<\/div>\n\t\t<div class=\"elementor-element elementor-element-c6e5712 e-con-full e-flex e-con e-parent\" data-id=\"c6e5712\" data-element_type=\"container\" data-settings=\"{&quot;background_background&quot;:&quot;classic&quot;}\">\n\t\t<div class=\"elementor-element elementor-element-c17b033 e-flex e-con-boxed e-con e-child\" data-id=\"c17b033\" data-element_type=\"container\">\n\t\t\t\t\t<div class=\"e-con-inner\">\n\t\t\t\t<div class=\"elementor-element elementor-element-f7657f7 elementor-widget elementor-widget-heading\" data-id=\"f7657f7\" data-element_type=\"widget\" data-widget_type=\"heading.default\">\n\t\t\t\t<div class=\"elementor-widget-container\">\n\t\t\t\t\t<h1 class=\"elementor-heading-title elementor-size-default\">Pol\u00edtica de privacidad<\/h1>\t\t\t\t<\/div>\n\t\t\t\t<\/div>\n\t\t\t\t\t<\/div>\n\t\t\t\t<\/div>\n\t\t\t\t<\/div>\n\t\t\t\t<section class=\"elementor-section elementor-top-section elementor-element elementor-element-25591c34 elementor-section-boxed elementor-section-height-default elementor-section-height-default\" data-id=\"25591c34\" data-element_type=\"section\">\n\t\t\t\t\t\t<div class=\"elementor-container elementor-column-gap-default\">\n\t\t\t\t\t<div class=\"elementor-column elementor-col-100 elementor-top-column elementor-element elementor-element-7cbf7e75\" data-id=\"7cbf7e75\" data-element_type=\"column\">\n\t\t\t<div class=\"elementor-widget-wrap elementor-element-populated\">\n\t\t\t\t\t\t<div class=\"elementor-element elementor-element-6e0030b1 elementor-widget elementor-widget-text-editor\" data-id=\"6e0030b1\" data-element_type=\"widget\" data-widget_type=\"text-editor.default\">\n\t\t\t\t<div class=\"elementor-widget-container\">\n\t\t\t\t\t\t\t\t\t\n<h5 class=\"wp-block-heading\">Informaci\u00f3n sobre Protecci\u00f3n de Datos<\/h5>\n<h3><strong>1. Datos relativos al Responsable<\/strong><\/h3>\n<h5><b>Responsable Tratamiento<\/b><\/h5>\n<ul>\n<li>Entitat: ERNEST TORRAS CORNELLA<\/li>\n<li>CIF de la entidad: 40357619W<\/li>\n<li>Direccion de la entidad: CALLE SEGRE 4-6 \u2013 (17430) Calle Roura, 23, 17250, Castell-Playa de Aro, Girona<\/li>\n<li>Email de la entidad: <a href=\"mailto:info@blaudaro.com\">info@blaudaro.com<\/a><\/li>\n<li>Responsable del tratamiento: ERNEST TORRAS CORNELLA<\/li>\n<li>Tel\u00e9fono del Responsable del tratamiento: 646941128<\/li>\n<li>Direcci\u00f3n email del Responsable del tratamiento: <a href=\"mailto:info@blaudaro.com\">info@blaudaro.com<\/a><\/li>\n<\/ul>\n<p>\u00a0<\/p>\n<h3><strong>2. Finalidades\u00a0<\/strong><\/h3>\n<p>En cumplimiento de lo dispuesto en el Reglamento Europeo 2016\/679 General de Protecci\u00f3n de Datos y la Ley Org\u00e1nica 3\/2018 de Protecci\u00f3n de Datos Personales y Garant\u00eda de Derechos Digitales, le informamos de que, dependiendo de la relaci\u00f3n que tenga con nosotros, en\u00a0<strong>ERNEST TORRAS CORNELLA<\/strong>\u00a0tratamos las datos que nos facilita para alguna, o todas, las siguientes finalidades:<\/p>\n<ul>\n<li>Consulta online<\/li>\n<li>Env\u00edos de informaci\u00f3n rec\u00edproca mediante la plataforma whatsapp, sino que el Responsable pueda asegurar que dicha plataforma tome medidas de seguridad y realicen tratamientos adecuados al RGPD y LOPDGDD<\/li>\n<li>Informaci\u00f3n procedente de Cookies<\/li>\n<li>Prestarles un servicio<\/li>\n<li>Reservas<\/li>\n<\/ul>\n<h3>\u00a0<\/h3>\n<h3><strong>3. Plazo de conservaci\u00f3n de las datos<\/strong><\/h3>\n<p>Sus datos ser\u00e1n conservados por un plazo de indefinici\u00f3n. En caso de que requiera su eliminaci\u00f3n de forma anticipada, solic\u00edtelo mediante el ejercicio del derecho de supresi\u00f3n. Asimismo, las datos que por motivos legales deban ser almacenadas durante un tiempo necesario para cumplir normas espec\u00edficas, ser\u00e1n bloqueadas y \u00fanicamente estar\u00e1n a disposici\u00f3n de la autoridad p\u00fablica correspondiente.<\/p>\n<h3>\u00a0<\/h3>\n<h3><strong>4. Legitimaci\u00f3n<\/strong><\/h3>\n<p>La base legal para el tratamiento de tus datos radica en:<\/p>\n<ol>\n<li style=\"list-style-type: none;\">\n<ol>\n<li style=\"list-style-type: none;\">\n<ul>\n<li>Consentimiento inequ\u00edvoco<\/li>\n<\/ul>\n<\/li>\n<\/ol>\n<\/li>\n<\/ol>\n<h3>\u00a0<\/h3>\n<h3><strong><span style=\"background-color: transparent; color: var( --e-global-color-text ); font-family: var( --e-global-typography-text-font-family ), Sans-serif;\">5.<\/span>Destinatarios<\/strong><\/h3>\n<p>Sus datos personales ser\u00e1n comunicados a terceros en los siguientes supuestos:<\/p>\n<ul>\n<li>Administraci\u00f3n tributaria<\/li>\n<li>Bancos y entidades financieras<\/li>\n<li>Cuerpos y fuerzas de seguridad del estado<\/li>\n<li>Entidades de Consultor\u00eda\/Auditor\u00eda<\/li>\n<li>Entidades inform\u00e1ticas de mantenimiento de software y hardware<\/li>\n<li>Gestor\u00eda\/Asesor\u00eda<\/li>\n<\/ul>\n<p>\u00a0<\/p>\n<h3><strong>6.Derechos<\/strong><\/h3>\n<ol>\n<li style=\"list-style-type: none;\">\u00a0<\/li>\n<\/ol>\n<p>Tiene derecho a obtener confirmaci\u00f3n sobre si en\u00a0<strong>ERNEST TORRAS CORNELLA<\/strong>\u00a0estamos tratando datos personales que le conciernen, o no.<\/p>\n<p>Asimismo, tiene derecho de acceso a sus datos personales, as\u00ed como a solicitar la\u00a0<em>rectificaci\u00f3n<\/em>\u00a0de las datos inexactas o, en su caso, solicitar su\u00a0<em>supresi\u00f3n<\/em>\u00a0cuando, entre otros motivos, las datos ya no sean necesarias para los fines que fueron recogidos.<\/p>\n<p>En determinadas circunstancias, podr\u00e1 solicitar la\u00a0<em>limitaci\u00f3n del tratamiento<\/em>\u00a0de sus datos, en cuyo caso \u00fanicamente los conservaremos para el ejercicio o defensa de reclamaciones.<\/p>\n<p>Adicionalmente, en determinadas circunstancias y por motivos relacionados con tu situaci\u00f3n particular, podr\u00e1 ejercer el derecho de\u00a0<em>oposici\u00f3n<\/em>\u00a0al tratamiento de sus datos.\u00a0<strong>ERNEST TORRAS CORNELLA<\/strong>\u00a0dejar\u00e1 de tratar las datos, salvo por motivos leg\u00edtimos imperiosos, o el ejercicio o la defensa de posibles reclamaciones.<\/p>\n<p>Asimismo, puede ejercer el derecho a la\u00a0<em>portabilidad<\/em>\u00a0de las datos, as\u00ed como retirar los consentimientos facilitados en cualquier momento, sin que ello afecte a la licitud del tratamiento basado en el consentimiento previo a su retirada.<\/p>\n<p>Si desea hacer uso de cualquiera de tus derechos puede realizarlos a trav\u00e9s de los enlaces habilitados que encontrar\u00e1 a continuaci\u00f3n:<\/p>\n<ul>\n<li>Para ejercer su derecho de\u00a0<strong>Acceso<\/strong>\u00a0haga clic\u00a0<a href=\"https:\/\/intranet.laboralrgpd.com\/webApp\/clientes_derechos\/derechos-formulario.php?id_cliente=UjBSZjBsY2JKZStYUjB5SFY4UUZzZz09\" target=\"_blank\" rel=\"noopener\">aqu\u00ed<\/a><\/li>\n<li>Para ejercer su derecho de\u00a0<strong>Rectificaci\u00f3n<\/strong>\u00a0haga clic\u00a0<a href=\"https:\/\/intranet.laboralrgpd.com\/webApp\/clientes_derechos\/derechos-formulario.php?id_cliente=UjBSZjBsY2JKZStYUjB5SFY4UUZzZz09\" target=\"_blank\" rel=\"noopener\">aqu\u00ed<\/a><\/li>\n<li>Para ejercer su derecho de\u00a0<strong>Supresi\u00f3n (Olvido)<\/strong>\u00a0haga clic\u00a0<a href=\"https:\/\/intranet.laboralrgpd.com\/webApp\/clientes_derechos\/derechos-formulario.php?id_cliente=UjBSZjBsY2JKZStYUjB5SFY4UUZzZz09\" target=\"_blank\" rel=\"noopener\">aqu\u00ed<\/a><\/li>\n<li>Para ejercer su derecho de\u00a0<strong>Limitaci\u00f3n del Tratamiento<\/strong>\u00a0haga clic\u00a0<a href=\"https:\/\/intranet.laboralrgpd.com\/webApp\/clientes_derechos\/derechos-formulario.php?id_cliente=UjBSZjBsY2JKZStYUjB5SFY4UUZzZz09\" target=\"_blank\" rel=\"noopener\">aqu\u00ed<\/a><\/li>\n<li>Para ejercer su derecho de\u00a0<strong>Oposici\u00f3n<\/strong>\u00a0haga clic\u00a0<a href=\"https:\/\/intranet.laboralrgpd.com\/webApp\/clientes_derechos\/derechos-formulario.php?id_cliente=UjBSZjBsY2JKZStYUjB5SFY4UUZzZz09\" target=\"_blank\" rel=\"noopener\">aqu\u00ed<\/a><\/li>\n<li>Para ejercer su derecho de\u00a0<strong>Portabilidad<\/strong>\u00a0haga clic\u00a0<a href=\"https:\/\/intranet.laboralrgpd.com\/webApp\/clientes_derechos\/derechos-formulario.php?id_cliente=UjBSZjBsY2JKZStYUjB5SFY4UUZzZz09\" target=\"_blank\" rel=\"noopener\">aqu\u00ed<\/a><\/li>\n<\/ul>\n<p>Alternativamente, tambi\u00e9n puede dirigirse a nosotros mediante correo postal a la siguiente direcci\u00f3n:<strong> Calle Roura, 23, 17250, Castillo-Playa de Aro, Gerona,<\/strong>\u00a0adjuntado una fotocopia del DNI, para la certeza de su identidad. Recuerde facilitar la mayor informaci\u00f3n posible sobre su solicitud: N\u00famero y cogidos, direcci\u00f3n de correo electr\u00f3nico que utiliza para tu cuenta o portal objeto de tu solicitud.<\/p>\n<p>Por \u00faltimo, le informamos que puede dirigirse ante la Agencia Espa\u00f1ola de Protecci\u00f3n de Datos y dem\u00e1s organismos p\u00fablicos competentes para cualquier reclamaci\u00f3n derivada del tratamiento de tus datos personales.<\/p>\n<h3><strong>7. Pol\u00edtica de cookies<\/strong><\/h3>\n<p>Para conocer las cookies que utilizamos en nuestra p\u00e1gina, recuerde que puede acceder a nuestra Pol\u00edtica de Cookies a trav\u00e9s del siguiente enlace\u00a0<a href=\"https:\/\/intranet.laboralrgpd.com\/politicaCookies\/index.php?sid=UjBSZjBsY2JKZStYUjB5SFY4UUZzZz09\" target=\"_blank\" rel=\"noopener\">pol\u00edtica de cookies<\/a>.<\/p>\n\t\t\t\t\t\t\t\t<\/div>\n\t\t\t\t<\/div>\n\t\t\t\t<div class=\"elementor-element elementor-element-163fb16 elementor-align-right elementor-widget__width-auto elementor-widget elementor-widget-button\" data-id=\"163fb16\" data-element_type=\"widget\" data-widget_type=\"button.default\">\n\t\t\t\t<div class=\"elementor-widget-container\">\n\t\t\t\t\t\t\t\t\t<div class=\"elementor-button-wrapper\">\n\t\t\t\t\t<a class=\"elementor-button elementor-button-link elementor-size-sm\" href=\"https:\/\/blaudaro.com\/es\">\n\t\t\t\t\t\t<span class=\"elementor-button-content-wrapper\">\n\t\t\t\t\t\t<span class=\"elementor-button-icon\">\n\t\t\t\t<i aria-hidden=\"true\" class=\"fas fa-arrow-left\"><\/i>\t\t\t<\/span>\n\t\t\t\t\t\t\t\t\t<span class=\"elementor-button-text\">Volver al inicio<\/span>\n\t\t\t\t\t<\/span>\n\t\t\t\t\t<\/a>\n\t\t\t\t<\/div>\n\t\t\t\t\t\t\t\t<\/div>\n\t\t\t\t<\/div>\n\t\t\t\t\t<\/div>\n\t\t<\/div>\n\t\t\t\t\t<\/div>\n\t\t<\/section>\n\t\t\t\t<\/div>","protected":false},"excerpt":{"rendered":"<p>Volver al inicio Informaci\u00f3n sobre Protecci\u00f3n de Datos 1. Datos relativos al Responsable Responsable Tratamiento Entitat: ERNEST TORRAS CORNELLA CIF de la entidad: 40357619W Direccion de la entidad: CALLE SEGRE 4-6 \u2013 (17430) Calle Roura, 23, 17250 info@blaudaro.com Responsable del tratamiento: ERNEST TORRAS CORNELLA Tel\u00e9fono del Responsable del [\u2026]<\/p>","protected":false},"author":1,"featured_media":0,"parent":0,"menu_order":0,"comment_status":"closed","ping_status":"closed","template":"elementor_header_footer","meta":{"footnotes":""},"class_list":["post-3","page","type-page","status-publish","hentry"],"_links":{"self":[{"href":"https:\/\/blaudaro.com\/es\/wp-json\/wp\/v2\/pages\/3","targetHints":{"allow":["GET"]}}],"collection":[{"href":"https:\/\/blaudaro.com\/es\/wp-json\/wp\/v2\/pages"}],"about":[{"href":"https:\/\/blaudaro.com\/es\/wp-json\/wp\/v2\/types\/page"}],"author":[{"embeddable":true,"href":"https:\/\/blaudaro.com\/es\/wp-json\/wp\/v2\/users\/1"}],"replies":[{"embeddable":true,"href":"https:\/\/blaudaro.com\/es\/wp-json\/wp\/v2\/comments?post=3"}],"version-history":[{"count":39,"href":"https:\/\/blaudaro.com\/es\/wp-json\/wp\/v2\/pages\/3\/revisions"}],"predecessor-version":[{"id":788,"href":"https:\/\/blaudaro.com\/es\/wp-json\/wp\/v2\/pages\/3\/revisions\/788"}],"wp:attachment":[{"href":"https:\/\/blaudaro.com\/es\/wp-json\/wp\/v2\/media?parent=3"}],"curies":[{"name":"wp","href":"https:\/\/api.w.org\/{rel}","templated":true}]}}