{"id":648,"date":"2024-07-11T15:56:37","date_gmt":"2024-07-11T13:56:37","guid":{"rendered":"https:\/\/blaudaro.com\/?page_id=648"},"modified":"2025-02-05T10:48:55","modified_gmt":"2025-02-05T09:48:55","slug":"consentiment-inequivoc","status":"publish","type":"page","link":"https:\/\/blaudaro.com\/es\/consentimiento-inequivoco\/","title":{"rendered":"Consentimiento inequ\u00edvoco"},"content":{"rendered":"<div data-elementor-type=\"wp-page\" data-elementor-id=\"648\" class=\"elementor elementor-648\" data-elementor-post-type=\"page\">\n\t\t\t\t<div class=\"elementor-element elementor-element-8b8290f elementor-hidden-widescreen elementor-hidden-desktop elementor-hidden-laptop elementor-hidden-tablet_extra elementor-hidden-tablet elementor-hidden-mobile_extra elementor-hidden-mobile e-flex e-con-boxed e-con e-parent\" data-id=\"8b8290f\" data-element_type=\"container\" data-settings=\"{&quot;background_background&quot;:&quot;classic&quot;}\">\n\t\t\t\t\t<div class=\"e-con-inner\">\n\t\t\t\t<div class=\"elementor-element elementor-element-bdeb16b elementor-widget__width-initial elementor-view-default elementor-widget elementor-widget-icon\" data-id=\"bdeb16b\" data-element_type=\"widget\" data-widget_type=\"icon.default\">\n\t\t\t\t<div class=\"elementor-widget-container\">\n\t\t\t\t\t\t\t<div class=\"elementor-icon-wrapper\">\n\t\t\t<a class=\"elementor-icon\" href=\"https:\/\/blaudaro.com\/es\">\n\t\t\t<svg xmlns=\"http:\/\/www.w3.org\/2000\/svg\" xmlns:xlink=\"http:\/\/www.w3.org\/1999\/xlink\" id=\"Grupo_673\" data-name=\"Grupo 673\" width=\"1855.312\" height=\"264.084\" viewbox=\"0 0 1855.312 264.084\"><defs><clippath id=\"clip-path\"><rect id=\"Rect&#xE1;ngulo_121\" data-name=\"Rect&#xE1;ngulo 121\" width=\"1855.312\" height=\"264.084\" fill=\"#fff\"><\/rect><\/clippath><\/defs><g id=\"Grupo_281\" data-name=\"Grupo 281\" transform=\"translate(0 0)\" clip-path=\"url(#clip-path)\"><path id=\"Trazado_212\" data-name=\"Trazado 212\" d=\"M90.255,115.014c22.28-9.437,40.6-30.212,40.6-54,0-33.609-34.362-59.477-66.086-59.477H0v254.9H84.968c37.767,0,75.337-32.287,75.337-71,0-37.95-34.176-67.785-70.05-70.43M22.656,7.2h38.9c28.7,0,46.638,23.036,46.638,53.814,0,28.889-19.638,53.814-46.638,53.814h-38.9ZM81.19,250.778H22.656V120.491H81.19c33.989,0,56.459,28.323,56.459,64.954,0,34.366-24.358,65.333-56.459,65.333\" transform=\"translate(0 3.869)\" fill=\"#fff\"><\/path><path id=\"Trazado_213\" data-name=\"Trazado 213\" d=\"M85.415,1.536H62.759V256.443H185.491v-5.667H85.415Z\" transform=\"translate(157.994 3.867)\" fill=\"#fff\"><\/path><path id=\"Trazado_214\" data-name=\"Trazado 214\" d=\"M113.386,256.443h6.039l26.81-65.523H269.917l26.624,65.523h24.541L217.236,1.536ZM148.5,185.257,208.171,38.923l59.477,146.334Z\" transform=\"translate(285.445 3.866)\" fill=\"#fff\"><\/path><path id=\"Trazado_215\" data-name=\"Trazado 215\" d=\"M355.818,151.647c0,81.57-37.764,102.907-75.527,102.907s-75.527-26.434-75.527-101.961V1.536H182.1V152.594c0,84.968,58.534,107.624,98.187,107.624s81.19-22.656,81.19-108.57V1.536h-5.663Z\" transform=\"translate(458.441 3.866)\" fill=\"#fff\"><\/path><path id=\"Trazado_216\" data-name=\"Trazado 216\" d=\"M334.877,1.537H249.909v254.9h84.968c67.975,0,114.8-59.477,114.8-127.452S402.852,1.537,334.877,1.537M331.1,250.778H272.565V7.2H331.1c58.538,0,95.925,63.255,95.925,121.789S389.637,250.778,331.1,250.778\" transform=\"translate(629.138 3.869)\" fill=\"#fff\"><\/path><path id=\"Trazado_217\" data-name=\"Trazado 217\" d=\"M314.762,256.443h6.04l26.81-65.523H471.292l26.624,65.523h24.545L418.612,1.536Zm35.118-71.186L409.547,38.923l59.477,146.334Z\" transform=\"translate(792.403 3.866)\" fill=\"#fff\"><\/path><path id=\"Trazado_218\" data-name=\"Trazado 218\" d=\"M479.362,143.149c37.763,0,75.341-32.287,75.341-71,0-39.839-37.577-70.617-75.341-70.617H390.62V256.443h22.656V143.149h32.1L556.211,256.443h7.932L453.3,143.149Zm-66.086-5.663V7.2h62.312c33.986,0,56.456,28.323,56.456,64.954,0,34.366-24.355,65.333-56.456,65.333Z\" transform=\"translate(983.373 3.866)\" fill=\"#fff\"><\/path><path id=\"Trazado_219\" data-name=\"Trazado 219\" d=\"M637.238,12.937A123.215,123.215,0,0,0,490.584,40.908a130.781,130.781,0,0,0-37.742,91.947c0,72.319,58.91,131.23,131.229,131.23S715.3,205.174,715.3,132.855a131.445,131.445,0,0,0-78.06-119.917m55.4,119.917c0,3.236-.141,6.433-.352,9.61a104.591,104.591,0,0,0-12.23-.7c-21.161,0-31.875,5.241-42.238,10.313-10.13,4.956-19.7,9.634-39.315,9.634s-29.188-4.678-39.314-9.634c-10.366-5.072-21.08-10.313-42.238-10.313-19.835,0-30.493,4.611-40.289,9.363a145.3,145.3,0,0,1-1.111-15.72c.661-.362,1.347-.725,2.089-1.087,10.13-4.956,19.694-9.634,39.311-9.634s29.185,4.678,39.315,9.634c10.366,5.069,21.077,10.31,42.238,10.31s31.872-5.241,42.234-10.31c10.13-4.956,19.7-9.634,39.318-9.634a80.089,80.089,0,0,1,12.381.858c.123,2.417.2,4.851.2,7.306m-12.582,52.2c-21.161,0-31.875,5.245-42.238,10.313-10.13,4.953-19.7,9.634-39.315,9.634s-29.188-4.682-39.314-9.634c-10.366-5.069-21.08-10.313-42.238-10.313-13.046,0-22.114,2-29.585,4.713-1.783-4.031-3.391-8.178-4.791-12.441,8.565-3.978,17.943-7.267,34.376-7.267,19.621,0,29.185,4.682,39.315,9.634,10.366,5.069,21.077,10.313,42.238,10.313s31.872-5.245,42.234-10.313c10.13-4.953,19.7-9.634,39.318-9.634,2.729,0,5.255.1,7.626.267a138.061,138.061,0,0,1-4.956,14.78c-.883-.021-1.748-.053-2.67-.053M691.931,118.7a104,104,0,0,0-11.871-.658c-21.161,0-31.875,5.241-42.238,10.313-10.13,4.953-19.7,9.634-39.315,9.634s-29.188-4.682-39.314-9.634c-10.366-5.072-21.08-10.313-42.238-10.313-20.552,0-31.253,4.949-41.348,9.881C477.865,61.081,525.646,7.288,584.072,7.288c55.706,0,101.743,48.917,107.86,111.409M680.06,163.414c-21.161,0-31.875,5.241-42.238,10.31-10.13,4.956-19.7,9.634-39.315,9.634s-29.188-4.678-39.314-9.634c-10.366-5.069-21.08-10.31-42.238-10.31-17.208,0-27.507,3.468-36.332,7.489-1.161-4.2-2.146-8.495-2.923-12.877,10.106-4.942,19.677-9.606,39.255-9.606,19.621,0,29.185,4.678,39.315,9.634,10.366,5.069,21.077,10.31,42.238,10.31s31.872-5.241,42.234-10.31c10.13-4.956,19.7-9.634,39.318-9.634a98.149,98.149,0,0,1,11.639.665,142.116,142.116,0,0,1-2.41,14.714c-2.852-.239-5.9-.383-9.229-.383m-31.9,70.666c-3.436,1.593-6.5,3.451-10.341,5.329-10.13,4.956-19.7,9.634-39.315,9.634s-29.188-4.678-39.314-9.634c-10.366-5.069-21.08-10.31-42.238-10.31-.837,0-1.625.021-2.431.039a119.459,119.459,0,0,1-11.562-12.99,93.215,93.215,0,0,1,13.992-.992c19.621,0,29.185,4.678,39.315,9.631,10.366,5.072,21.077,10.313,42.238,10.313s31.872-5.241,42.234-10.313c7.141-3.489,14.035-6.831,24.334-8.505a117.423,117.423,0,0,1-16.912,17.8m-126,1.8c16.173.756,24.925,5.012,34.109,9.5,10.366,5.069,21.077,10.31,42.238,10.31,3.451,0,6.606-.151,9.547-.4a94.287,94.287,0,0,1-23.982,3.131c-23,0-44.334-8.357-61.911-22.54m148.167-26.951c-14.967,1.33-23.87,5.663-32.505,9.891-10.13,4.953-19.7,9.634-39.315,9.634s-29.188-4.682-39.314-9.634c-10.366-5.072-21.08-10.313-42.238-10.313a95.9,95.9,0,0,0-18.329,1.615,128.528,128.528,0,0,1-8.4-14.309c6.828-2.417,14.967-4.1,26.733-4.1,19.621,0,29.185,4.682,39.315,9.638,10.366,5.069,21.077,10.31,42.238,10.31s31.872-5.241,42.234-10.31c10.1-4.946,19.652-9.61,39.17-9.634a129.879,129.879,0,0,1-9.585,17.218\" transform=\"translate(1140.014 0)\" fill=\"#fff\"><\/path><\/g><\/svg>\t\t\t<\/a>\n\t\t<\/div>\n\t\t\t\t\t\t<\/div>\n\t\t\t\t<\/div>\n\t\t\t\t<div class=\"elementor-element elementor-element-781b689 elementor-align-right elementor-widget__width-auto elementor-widget elementor-widget-button\" data-id=\"781b689\" data-element_type=\"widget\" data-widget_type=\"button.default\">\n\t\t\t\t<div class=\"elementor-widget-container\">\n\t\t\t\t\t\t\t\t\t<div class=\"elementor-button-wrapper\">\n\t\t\t\t\t<a class=\"elementor-button elementor-button-link elementor-size-sm\" href=\"https:\/\/blaudaro.com\/es\">\n\t\t\t\t\t\t<span class=\"elementor-button-content-wrapper\">\n\t\t\t\t\t\t<span class=\"elementor-button-icon\">\n\t\t\t\t<i aria-hidden=\"true\" class=\"fas fa-arrow-left\"><\/i>\t\t\t<\/span>\n\t\t\t\t\t\t\t\t\t<span class=\"elementor-button-text\">Volver al inicio<\/span>\n\t\t\t\t\t<\/span>\n\t\t\t\t\t<\/a>\n\t\t\t\t<\/div>\n\t\t\t\t\t\t\t\t<\/div>\n\t\t\t\t<\/div>\n\t\t\t\t\t<\/div>\n\t\t\t\t<\/div>\n\t\t<div class=\"elementor-element elementor-element-36d32a1 e-con-full e-flex e-con e-parent\" data-id=\"36d32a1\" data-element_type=\"container\" data-settings=\"{&quot;background_background&quot;:&quot;classic&quot;}\">\n\t\t<div class=\"elementor-element elementor-element-8be579b e-flex e-con-boxed e-con e-child\" data-id=\"8be579b\" data-element_type=\"container\">\n\t\t\t\t\t<div class=\"e-con-inner\">\n\t\t\t\t<div class=\"elementor-element elementor-element-f1de6c9 elementor-widget elementor-widget-heading\" data-id=\"f1de6c9\" data-element_type=\"widget\" data-widget_type=\"heading.default\">\n\t\t\t\t<div class=\"elementor-widget-container\">\n\t\t\t\t\t<h1 class=\"elementor-heading-title elementor-size-default\">Consentimiento inequ\u00edvoco<\/h1>\t\t\t\t<\/div>\n\t\t\t\t<\/div>\n\t\t\t\t\t<\/div>\n\t\t\t\t<\/div>\n\t\t\t\t<\/div>\n\t\t<div class=\"elementor-element elementor-element-f1c04d0 e-flex e-con-boxed e-con e-parent\" data-id=\"f1c04d0\" data-element_type=\"container\">\n\t\t\t\t\t<div class=\"e-con-inner\">\n\t\t\t\t<div class=\"elementor-element elementor-element-4eae897 elementor-widget elementor-widget-text-editor\" data-id=\"4eae897\" data-element_type=\"widget\" data-widget_type=\"text-editor.default\">\n\t\t\t\t<div class=\"elementor-widget-container\">\n\t\t\t\t\t\t\t\t\t<table id=\"simple-table\" class=\"table table-bordered table-hover\"><thead><tr><th class=\"detail-col\" colspan=\"2\">Informaci\u00f3n Adicional sobre Protecci\u00f3n de Datos<\/th><\/tr><\/thead><tbody><tr><td class=\"left\" width=\"30%\"><b>Responsable<\/b><\/td><td class=\"left\"><p><b>Responsable Tratamiento<\/b><br \/>\u00a0\u00a0Empresa: ERNEST TORRAS CORNELLA \u2013 40357619W<br \/>\u00a0\u00a0Direccion: Calle Roura, 23, 17250, Castell-Playa de Aro, Girona<br \/>\u00a0\u00a0Contacto: <a href=\"mailto:info@blaudaro.com\">info@blaudaro.com<\/a>\u00a0&#8211; 646941128<\/p><p><b>Delegado Protecci\u00f3n de Datos<\/b><br \/>\u00a0\u00a0N\u00famero: No es necesario DPO \u2013<br \/>\u00a0\u00a0Contacto: \u2013<\/p><\/td><\/tr><tr><td class=\"left\" width=\"30%\"><b>Finalidad<\/b><\/td><td class=\"left\"><p><b>\u00bfCon qu\u00e9 finalidad tratamos sus datos personales?<\/b><br \/>En ERNEST TORRAS CORNELLA tratamos la informaci\u00f3n que nos facilitan las personas interesadas con el fin de:<br \/>\u00a0\u2022 Prestarles un servicio<br \/>\u00a0\u2022 Gesti\u00f3n contable, administrativa, de facturaci\u00f3n y gesti\u00f3n de cobras.<br \/>\u00a0\u2022 Env\u00edos de informaci\u00f3n rec\u00edproca mediante la plataforma whatsapp, sin que el Responsable pueda asegurar que dicha plataforma tome medidas de seguridad y realicen tratamientos adecuados al RGPD y LOPDGDD<br \/>\u00a0\u2022 Reservas<\/p><p><b>\u00bfPor cu\u00e1nto tiempo conservaremos sus datos?<\/b><br \/>Las datos personales proporcionados se conservar\u00e1n durante un plazo indefinido a partir de la \u00faltima confirmaci\u00f3n de inter\u00e9s. (Siempre y cuando no se solicite su supresi\u00f3n o se desligue la relaci\u00f3n mercantil).<\/p><\/td><\/tr><tr><td class=\"left\" width=\"30%\"><b>Legitimaci\u00f3n<\/b><\/td><td class=\"left\">\u00a0\u2022 Consentimiento inequ\u00edvoco<\/td><\/tr><tr><td class=\"left\" width=\"30%\"><b>Destinatarios<\/b><\/td><td class=\"left\"><p><b>Administraci\u00f3n tributaria<\/b><br \/><b>Bancos y entidades financieras<\/b><br \/><b>Gestor\u00eda\/Asesor\u00eda<\/b><br \/>\u00a0\u00a0Empresa: SMV ASESOR\u00cdA \u2013 40345309C<br \/>\u00a0\u00a0Direccion: TRAVESIA DE LA CRUZ 22 ENTRESOL 1 \u2013 (17001) GIRONA<br \/>\u00a0\u00a0Contacto: info@smvassessoria.com \u2013 655804351<\/p><p><b>Entidades de Consultor\u00eda\/Auditor\u00eda<\/b><br \/>\u00a0\u00a0Empresa: LABORAL RGPD S.LU \u2013 B25857798<br \/>\u00a0\u00a0Direccion: CALLE GIRONA 42 \u2013 (25005) LLEIDA<br \/>\u00a0\u00a0Contacto: info@laboralrgpd.com \u2013 678700800<\/p><p><b>Entidades inform\u00e1ticas de mantenimiento de software y hardware<\/b><br \/><b>Cuerpos y fuerzas de seguridad del estado<\/b><\/p><\/td><\/tr><tr><td class=\"left\" width=\"30%\"><b>Derechos<\/b><br \/><a href=\"https:\/\/intranet.laboralrgpd.com\/webApp\/clientes_derechos\/derechos-formulario.php?id_cliente=UjBSZjBsY2JKZStYUjB5SFY4UUZzZz09\" target=\"_blank\" rel=\"noopener\">(Solicitar Derecho)<\/a><\/td><td class=\"left\"><p><b>\u2022 Derecho a solicitar el acceso a las datos personales relativas al interesado<\/b><br \/>Tienes derecho a que te informen de lo siguiente:<br \/>\u2022 Copia de las datos personales objeto de tratamiento.<br \/>\u2022 Los fines del tratamiento, categor\u00edas de datos personales que se traten y de las posibles comunicaciones de datos y sus destinatarios.<br \/>\u2022 Si es posible, el plazo de conservaci\u00f3n de tus datos. De no serlo, los criterios para determinar ese plazo.<br \/>\u2022 Del derecho a solicitar la rectificaci\u00f3n o supresi\u00f3n de las datos, la limitaci\u00f3n al tratamiento, o oponerse al mismo.<br \/>\u2022 Del derecho a presentar una reclamaci\u00f3n ante la Autoridad de Control.<br \/>\u2022 Si se produce una transferencia internacional de datos, recibir informaci\u00f3n de las garant\u00edas adecuadas.<br \/>\u2022 De la existencia de decisiones automatizadas (incluyendo perfiles), la l\u00f3gica aplicada y consecuencias de este tratamiento.<\/p><p><b>\u2022 Derecho a solicitar su rectificaci\u00f3n<\/b><br \/>Tienes derecho, adem\u00e1s de rectificar las datos inexactas, a que se completen las datos personales incompletos, inclusive mediante declaraci\u00f3n adicional.<\/p><p><b>\u2022 Derecho a solicitar su supresi\u00f3n<\/b><br \/>Con este derecho podr\u00e1s solicitar:<br \/>\u2022 La supresi\u00f3n de las datos personales se realiza sin dilaci\u00f3n indebida cuando concurra alguno de los supuestos contemplados. Por ejemplo, tratamiento il\u00edcito de datos, o cuando haya desaparecido la finalidad que motiv\u00f3 el tratamiento o recogida.<br \/>\u2022 No obstante, se regulan una serie de excepciones en las que no proceder\u00e1 este derecho. Por ejemplo, cuando deba prevalecer el derecho a la libertad de expresi\u00f3n e informaci\u00f3n.<\/p><p><b>\u2022 Derecho a solicitar su oposici\u00f3n<\/b><br \/>Mediante el derecho de oposici\u00f3n podr\u00e1s oponerte al tratamiento de sus datos personales:<br \/>\u2022 Cuando por motivos relacionados con tu situaci\u00f3n personal, debe cesar el tratamiento de tus datos salvo que se acredite un inter\u00e9s legitimo, o sea necesario para el ejercicio o defensa de reclamaciones.<br \/>\u2022 Cuando el tratamiento tenga por objeto el mercadotecnia directa.<\/p><p><b>\u2022 Derecho a la Portabilidad de las datos<\/b><br \/>Podr\u00e1s recibir tus datos personales facilitados en un formato estructurado, de uso com\u00fan y lectura mec\u00e1nica, y poder transmitirlos a otro responsable, siempre que sea t\u00e9cnicamente posible.<\/p><p><b>\u2022 Derecho a solicitar la limitaci\u00f3n de su tratamiento<\/b><br \/>Este derecho te permite:<br \/>\u2022 Solicitar al responsable que suspenda el tratamiento de datos cuando:<br \/>\u2013 Se impugne la exactitud de las datos, mientras se verifica dicha exactitud por el responsable.<br \/>\u2013 El interesado ha ejercitado su derecho de oposici\u00f3n al tratamiento de datos, mientras se verifica si los motivos leg\u00edtimos del responsable prevalecen sobre el interesado.<br \/>\u2022 Solicitar al responsable que conserve sus datos personales cuando:<br \/>\u2013 El tratamiento de datos sea il\u00edcito y el interesado se oponga a la supresi\u00f3n de sus datos y solicite en su lugar la limitaci\u00f3n de su uso.<br \/>\u2013 El responsable ya no necesita las datos para los fines del tratamiento pero el interesado si los necesite para la formulaci\u00f3n, ejercicio o defensa de reclamaciones.<\/p><p><b>\u2022 Derecho a no ser objeto de decisiones individualizadas<\/b><br \/>Tienes derecho a no ser objeto de una decisi\u00f3n basada \u00fanicamente en el tratamiento automatizado, incluida la elaboraci\u00f3n de perfiles, que produzca efectos jur\u00eddicos o te afecte.<br \/>Se except\u00faa lo anterior cuando:<br \/>\u2022 Sea necesario para la celebraci\u00f3n o ejecuci\u00f3n de un contrato.<br \/>\u2022 Est\u00e1 permitido por el Derecho de la UE o de los Estados miembros, con medidas adecuadas para salvaguardar los derechos y libertades del titular de las datos.<br \/>\u2022 Exista consentimiento expl\u00edcito del titular de las datos.<\/p><p><b>\u2022 Derecho a retirar el consentimiento prestado<\/b><br \/>La retirada del consentimiento no afectar\u00e1 a la licitud del tratamiento basada en el consentimiento previo a su retirada. Antes de dar su consentimiento, el interesado ser\u00e1 informado de ello.<\/p><p><b>\u2022 Derecho a reclamar ante la Autoridad de Control<\/b><br \/>Todo interesado podr\u00e1 reclamar ante la Autoridad de control de cualquier Estado de la UE, si considera que el tratamiento de sus datos personales no se ajusta a lo dispuesto en el Reglamento.<\/p><\/td><\/tr><\/tbody><\/table><div id=\"gtx-trans\" style=\"position: absolute; left: 262px; top: 107px;\"><div class=\"gtx-trans-icon\">\u00a0<\/div><\/div>\t\t\t\t\t\t\t\t<\/div>\n\t\t\t\t<\/div>\n\t\t\t\t<div class=\"elementor-element elementor-element-6c2623a elementor-align-left elementor-widget__width-inherit elementor-widget elementor-widget-button\" data-id=\"6c2623a\" data-element_type=\"widget\" data-widget_type=\"button.default\">\n\t\t\t\t<div class=\"elementor-widget-container\">\n\t\t\t\t\t\t\t\t\t<div class=\"elementor-button-wrapper\">\n\t\t\t\t\t<a class=\"elementor-button elementor-button-link elementor-size-sm\" href=\"https:\/\/blaudaro.com\/es\">\n\t\t\t\t\t\t<span class=\"elementor-button-content-wrapper\">\n\t\t\t\t\t\t<span class=\"elementor-button-icon\">\n\t\t\t\t<i aria-hidden=\"true\" class=\"fas fa-arrow-left\"><\/i>\t\t\t<\/span>\n\t\t\t\t\t\t\t\t\t<span class=\"elementor-button-text\">Volver al inicio<\/span>\n\t\t\t\t\t<\/span>\n\t\t\t\t\t<\/a>\n\t\t\t\t<\/div>\n\t\t\t\t\t\t\t\t<\/div>\n\t\t\t\t<\/div>\n\t\t\t\t\t<\/div>\n\t\t\t\t<\/div>\n\t\t\t\t<\/div>","protected":false},"excerpt":{"rendered":"<p>Volver al inicio Informaci\u00f3n Adicional sobre Protecci\u00f3n de Datos Responsable Responsable Tratamiento\u00a0\u00a0Empresa: ERNEST TORRAS CORNELLA &#8211; 40357619W\u00a0\u00a0Direccion: Carrer Roura, 23, 17250, Castell-Platja d\u2019Aro, Girona\u00a0\u00a0Contacto: info@blaudaro.com\u00a0&#8211; 646941128 Delegado Proteccion de Datos\u00a0\u00a0Nombre: No es necesario DPO &#8211;\u00a0\u00a0Contacto: &#8211; Finalidad \u00bfCon qu\u00e9 finalidad tratamos sus datos personales?En ERNEST TORRAS CORNELLA tratamos la informaci\u00f3n que nos facilitan las personas [&hellip;]<\/p>","protected":false},"author":1,"featured_media":0,"parent":0,"menu_order":0,"comment_status":"closed","ping_status":"closed","template":"elementor_header_footer","meta":{"footnotes":""},"class_list":["post-648","page","type-page","status-publish","hentry"],"_links":{"self":[{"href":"https:\/\/blaudaro.com\/es\/wp-json\/wp\/v2\/pages\/648","targetHints":{"allow":["GET"]}}],"collection":[{"href":"https:\/\/blaudaro.com\/es\/wp-json\/wp\/v2\/pages"}],"about":[{"href":"https:\/\/blaudaro.com\/es\/wp-json\/wp\/v2\/types\/page"}],"author":[{"embeddable":true,"href":"https:\/\/blaudaro.com\/es\/wp-json\/wp\/v2\/users\/1"}],"replies":[{"embeddable":true,"href":"https:\/\/blaudaro.com\/es\/wp-json\/wp\/v2\/comments?post=648"}],"version-history":[{"count":31,"href":"https:\/\/blaudaro.com\/es\/wp-json\/wp\/v2\/pages\/648\/revisions"}],"predecessor-version":[{"id":795,"href":"https:\/\/blaudaro.com\/es\/wp-json\/wp\/v2\/pages\/648\/revisions\/795"}],"wp:attachment":[{"href":"https:\/\/blaudaro.com\/es\/wp-json\/wp\/v2\/media?parent=648"}],"curies":[{"name":"wp","href":"https:\/\/api.w.org\/{rel}","templated":true}]}}