{"id":658,"date":"2024-07-11T16:01:47","date_gmt":"2024-07-11T14:01:47","guid":{"rendered":"https:\/\/blaudaro.com\/?page_id=658"},"modified":"2025-02-06T13:33:57","modified_gmt":"2025-02-06T12:33:57","slug":"politica-de-cookies","status":"publish","type":"page","link":"https:\/\/blaudaro.com\/es\/politica-de-cookies\/","title":{"rendered":"Pol\u00edtica de cookies"},"content":{"rendered":"<div data-elementor-type=\"wp-page\" data-elementor-id=\"658\" class=\"elementor elementor-658\" data-elementor-post-type=\"page\">\n\t\t\t\t<div class=\"elementor-element elementor-element-037550f elementor-hidden-widescreen elementor-hidden-desktop elementor-hidden-laptop elementor-hidden-tablet_extra elementor-hidden-tablet elementor-hidden-mobile_extra elementor-hidden-mobile e-flex e-con-boxed e-con e-parent\" data-id=\"037550f\" data-element_type=\"container\" data-settings=\"{&quot;background_background&quot;:&quot;classic&quot;}\">\n\t\t\t\t\t<div class=\"e-con-inner\">\n\t\t\t\t<div class=\"elementor-element elementor-element-552fe01 elementor-widget__width-initial elementor-view-default elementor-widget elementor-widget-icon\" data-id=\"552fe01\" data-element_type=\"widget\" data-widget_type=\"icon.default\">\n\t\t\t\t<div class=\"elementor-widget-container\">\n\t\t\t\t\t\t\t<div class=\"elementor-icon-wrapper\">\n\t\t\t<a class=\"elementor-icon\" href=\"https:\/\/blaudaro.com\/es\">\n\t\t\t<svg xmlns=\"http:\/\/www.w3.org\/2000\/svg\" xmlns:xlink=\"http:\/\/www.w3.org\/1999\/xlink\" id=\"Grupo_673\" data-name=\"Grupo 673\" width=\"1855.312\" height=\"264.084\" viewbox=\"0 0 1855.312 264.084\"><defs><clippath id=\"clip-path\"><rect id=\"Rect&#xE1;ngulo_121\" data-name=\"Rect&#xE1;ngulo 121\" width=\"1855.312\" height=\"264.084\" fill=\"#fff\"><\/rect><\/clippath><\/defs><g id=\"Grupo_281\" data-name=\"Grupo 281\" transform=\"translate(0 0)\" clip-path=\"url(#clip-path)\"><path id=\"Trazado_212\" data-name=\"Trazado 212\" d=\"M90.255,115.014c22.28-9.437,40.6-30.212,40.6-54,0-33.609-34.362-59.477-66.086-59.477H0v254.9H84.968c37.767,0,75.337-32.287,75.337-71,0-37.95-34.176-67.785-70.05-70.43M22.656,7.2h38.9c28.7,0,46.638,23.036,46.638,53.814,0,28.889-19.638,53.814-46.638,53.814h-38.9ZM81.19,250.778H22.656V120.491H81.19c33.989,0,56.459,28.323,56.459,64.954,0,34.366-24.358,65.333-56.459,65.333\" transform=\"translate(0 3.869)\" fill=\"#fff\"><\/path><path id=\"Trazado_213\" data-name=\"Trazado 213\" d=\"M85.415,1.536H62.759V256.443H185.491v-5.667H85.415Z\" transform=\"translate(157.994 3.867)\" fill=\"#fff\"><\/path><path id=\"Trazado_214\" data-name=\"Trazado 214\" d=\"M113.386,256.443h6.039l26.81-65.523H269.917l26.624,65.523h24.541L217.236,1.536ZM148.5,185.257,208.171,38.923l59.477,146.334Z\" transform=\"translate(285.445 3.866)\" fill=\"#fff\"><\/path><path id=\"Trazado_215\" data-name=\"Trazado 215\" d=\"M355.818,151.647c0,81.57-37.764,102.907-75.527,102.907s-75.527-26.434-75.527-101.961V1.536H182.1V152.594c0,84.968,58.534,107.624,98.187,107.624s81.19-22.656,81.19-108.57V1.536h-5.663Z\" transform=\"translate(458.441 3.866)\" fill=\"#fff\"><\/path><path id=\"Trazado_216\" data-name=\"Trazado 216\" d=\"M334.877,1.537H249.909v254.9h84.968c67.975,0,114.8-59.477,114.8-127.452S402.852,1.537,334.877,1.537M331.1,250.778H272.565V7.2H331.1c58.538,0,95.925,63.255,95.925,121.789S389.637,250.778,331.1,250.778\" transform=\"translate(629.138 3.869)\" fill=\"#fff\"><\/path><path id=\"Trazado_217\" data-name=\"Trazado 217\" d=\"M314.762,256.443h6.04l26.81-65.523H471.292l26.624,65.523h24.545L418.612,1.536Zm35.118-71.186L409.547,38.923l59.477,146.334Z\" transform=\"translate(792.403 3.866)\" fill=\"#fff\"><\/path><path id=\"Trazado_218\" data-name=\"Trazado 218\" d=\"M479.362,143.149c37.763,0,75.341-32.287,75.341-71,0-39.839-37.577-70.617-75.341-70.617H390.62V256.443h22.656V143.149h32.1L556.211,256.443h7.932L453.3,143.149Zm-66.086-5.663V7.2h62.312c33.986,0,56.456,28.323,56.456,64.954,0,34.366-24.355,65.333-56.456,65.333Z\" transform=\"translate(983.373 3.866)\" fill=\"#fff\"><\/path><path id=\"Trazado_219\" data-name=\"Trazado 219\" d=\"M637.238,12.937A123.215,123.215,0,0,0,490.584,40.908a130.781,130.781,0,0,0-37.742,91.947c0,72.319,58.91,131.23,131.229,131.23S715.3,205.174,715.3,132.855a131.445,131.445,0,0,0-78.06-119.917m55.4,119.917c0,3.236-.141,6.433-.352,9.61a104.591,104.591,0,0,0-12.23-.7c-21.161,0-31.875,5.241-42.238,10.313-10.13,4.956-19.7,9.634-39.315,9.634s-29.188-4.678-39.314-9.634c-10.366-5.072-21.08-10.313-42.238-10.313-19.835,0-30.493,4.611-40.289,9.363a145.3,145.3,0,0,1-1.111-15.72c.661-.362,1.347-.725,2.089-1.087,10.13-4.956,19.694-9.634,39.311-9.634s29.185,4.678,39.315,9.634c10.366,5.069,21.077,10.31,42.238,10.31s31.872-5.241,42.234-10.31c10.13-4.956,19.7-9.634,39.318-9.634a80.089,80.089,0,0,1,12.381.858c.123,2.417.2,4.851.2,7.306m-12.582,52.2c-21.161,0-31.875,5.245-42.238,10.313-10.13,4.953-19.7,9.634-39.315,9.634s-29.188-4.682-39.314-9.634c-10.366-5.069-21.08-10.313-42.238-10.313-13.046,0-22.114,2-29.585,4.713-1.783-4.031-3.391-8.178-4.791-12.441,8.565-3.978,17.943-7.267,34.376-7.267,19.621,0,29.185,4.682,39.315,9.634,10.366,5.069,21.077,10.313,42.238,10.313s31.872-5.245,42.234-10.313c10.13-4.953,19.7-9.634,39.318-9.634,2.729,0,5.255.1,7.626.267a138.061,138.061,0,0,1-4.956,14.78c-.883-.021-1.748-.053-2.67-.053M691.931,118.7a104,104,0,0,0-11.871-.658c-21.161,0-31.875,5.241-42.238,10.313-10.13,4.953-19.7,9.634-39.315,9.634s-29.188-4.682-39.314-9.634c-10.366-5.072-21.08-10.313-42.238-10.313-20.552,0-31.253,4.949-41.348,9.881C477.865,61.081,525.646,7.288,584.072,7.288c55.706,0,101.743,48.917,107.86,111.409M680.06,163.414c-21.161,0-31.875,5.241-42.238,10.31-10.13,4.956-19.7,9.634-39.315,9.634s-29.188-4.678-39.314-9.634c-10.366-5.069-21.08-10.31-42.238-10.31-17.208,0-27.507,3.468-36.332,7.489-1.161-4.2-2.146-8.495-2.923-12.877,10.106-4.942,19.677-9.606,39.255-9.606,19.621,0,29.185,4.678,39.315,9.634,10.366,5.069,21.077,10.31,42.238,10.31s31.872-5.241,42.234-10.31c10.13-4.956,19.7-9.634,39.318-9.634a98.149,98.149,0,0,1,11.639.665,142.116,142.116,0,0,1-2.41,14.714c-2.852-.239-5.9-.383-9.229-.383m-31.9,70.666c-3.436,1.593-6.5,3.451-10.341,5.329-10.13,4.956-19.7,9.634-39.315,9.634s-29.188-4.678-39.314-9.634c-10.366-5.069-21.08-10.31-42.238-10.31-.837,0-1.625.021-2.431.039a119.459,119.459,0,0,1-11.562-12.99,93.215,93.215,0,0,1,13.992-.992c19.621,0,29.185,4.678,39.315,9.631,10.366,5.072,21.077,10.313,42.238,10.313s31.872-5.241,42.234-10.313c7.141-3.489,14.035-6.831,24.334-8.505a117.423,117.423,0,0,1-16.912,17.8m-126,1.8c16.173.756,24.925,5.012,34.109,9.5,10.366,5.069,21.077,10.31,42.238,10.31,3.451,0,6.606-.151,9.547-.4a94.287,94.287,0,0,1-23.982,3.131c-23,0-44.334-8.357-61.911-22.54m148.167-26.951c-14.967,1.33-23.87,5.663-32.505,9.891-10.13,4.953-19.7,9.634-39.315,9.634s-29.188-4.682-39.314-9.634c-10.366-5.072-21.08-10.313-42.238-10.313a95.9,95.9,0,0,0-18.329,1.615,128.528,128.528,0,0,1-8.4-14.309c6.828-2.417,14.967-4.1,26.733-4.1,19.621,0,29.185,4.682,39.315,9.638,10.366,5.069,21.077,10.31,42.238,10.31s31.872-5.241,42.234-10.31c10.1-4.946,19.652-9.61,39.17-9.634a129.879,129.879,0,0,1-9.585,17.218\" transform=\"translate(1140.014 0)\" fill=\"#fff\"><\/path><\/g><\/svg>\t\t\t<\/a>\n\t\t<\/div>\n\t\t\t\t\t\t<\/div>\n\t\t\t\t<\/div>\n\t\t\t\t<div class=\"elementor-element elementor-element-3dd41cd elementor-align-right elementor-widget__width-auto elementor-widget elementor-widget-button\" data-id=\"3dd41cd\" data-element_type=\"widget\" data-widget_type=\"button.default\">\n\t\t\t\t<div class=\"elementor-widget-container\">\n\t\t\t\t\t\t\t\t\t<div class=\"elementor-button-wrapper\">\n\t\t\t\t\t<a class=\"elementor-button elementor-button-link elementor-size-sm\" href=\"https:\/\/blaudaro.com\/es\">\n\t\t\t\t\t\t<span class=\"elementor-button-content-wrapper\">\n\t\t\t\t\t\t<span class=\"elementor-button-icon\">\n\t\t\t\t<i aria-hidden=\"true\" class=\"fas fa-arrow-left\"><\/i>\t\t\t<\/span>\n\t\t\t\t\t\t\t\t\t<span class=\"elementor-button-text\">Volver al inicio<\/span>\n\t\t\t\t\t<\/span>\n\t\t\t\t\t<\/a>\n\t\t\t\t<\/div>\n\t\t\t\t\t\t\t\t<\/div>\n\t\t\t\t<\/div>\n\t\t\t\t\t<\/div>\n\t\t\t\t<\/div>\n\t\t<div class=\"elementor-element elementor-element-9bf8f89 e-con-full e-flex e-con e-parent\" data-id=\"9bf8f89\" data-element_type=\"container\" data-settings=\"{&quot;background_background&quot;:&quot;classic&quot;}\">\n\t\t<div class=\"elementor-element elementor-element-dc48f47 e-flex e-con-boxed e-con e-child\" data-id=\"dc48f47\" data-element_type=\"container\">\n\t\t\t\t\t<div class=\"e-con-inner\">\n\t\t\t\t<div class=\"elementor-element elementor-element-c889e91 elementor-widget elementor-widget-heading\" data-id=\"c889e91\" data-element_type=\"widget\" data-widget_type=\"heading.default\">\n\t\t\t\t<div class=\"elementor-widget-container\">\n\t\t\t\t\t<h1 class=\"elementor-heading-title elementor-size-default\">Pol\u00edtica de cookies<\/h1>\t\t\t\t<\/div>\n\t\t\t\t<\/div>\n\t\t\t\t\t<\/div>\n\t\t\t\t<\/div>\n\t\t\t\t<\/div>\n\t\t<div class=\"elementor-element elementor-element-275d3d8 e-flex e-con-boxed e-con e-parent\" data-id=\"275d3d8\" data-element_type=\"container\">\n\t\t\t\t\t<div class=\"e-con-inner\">\n\t\t\t\t<div class=\"elementor-element elementor-element-a96f74c elementor-widget elementor-widget-text-editor\" data-id=\"a96f74c\" data-element_type=\"widget\" data-widget_type=\"text-editor.default\">\n\t\t\t\t<div class=\"elementor-widget-container\">\n\t\t\t\t\t\t\t\t\t<h3><strong>Informaci\u00f3n General de las cookies<\/strong><\/h3><p>La confianza del usuario es importante para nosotros, y por consiguiente, en\u00a0<strong>ERNEST TORRAS CORNELLA<\/strong>\u00a0nos preocupa proteger su privacidad. Un aspecto importante de esto es proporcionarle toda la informaci\u00f3n posible sobre c\u00f3mo utilizamos tus datos de car\u00e1cter personal, incluso c\u00f3mo utilizamos el almacenamiento local de datos y tecnolog\u00eda similar<\/p><p>El almacenamiento local de datos implica almacenar distintos tipos de datos localmente en su dispositivo a trav\u00e9s de su navegador web. Las datos almacenados localmente pueden, por ejemplo, contener la configuraci\u00f3n del usuario, informaci\u00f3n sobre c\u00f3mo navega por nuestro sitio web, qu\u00e9 navegador web utiliza, qu\u00e9 anuncios se han mostrado, y el comportamiento similar en sitios web con los que colaboramos. Las datos almacenados localmente pueden ser utilizadas para personalizar el contenido y las funciones en nuestros servicios de forma que sus visitas sean m\u00e1s c\u00f3modas y tengan m\u00e1s sentido.<\/p><p>Un m\u00e9todo de almacenamiento local de datos son las cookies. Las cookies son peque\u00f1os archivos de texto que se almacenan en su dispositivo (PC, tel\u00e9fono m\u00f3vil o tableta) que nos permiten reconocer su navegador web. Las cookies contienen informaci\u00f3n principalmente sobre su navegador web y sobre cualquier actividad que se ha producido en \u00e9l. Nos ayudan a garantizar la seguridad y el funcionamiento \u00f3ptimo de nuestro sitio web, una vez sale de nuestra web estas son eliminadas (cookies de seguridad y cookies de sesi\u00f3n) y recogen informaci\u00f3n sobre los productos que les interesan en nuestras visitas de internet y sobre c\u00f3mo navegan a trav\u00e9s de nuestro sitio web para que nuestras ofertas online sean m\u00e1s atractivas para los usuarios (cookies de seguimiento).<\/p><h3><strong>Informaci\u00f3n complementaria de la cookies<\/strong><\/h3><p>Utilizamos el almacenamiento local de datos para una serie de finas, tales como: permitirnos realizar nuestros servicios; aportarte contenido pertinente, personalizado cuando visitas nuestros sitios web; medir y analizar el tr\u00e1fico en nuestro sitio web; mejorar nuestros servicios; y dirigir publicidad espec\u00edfica. A continuaci\u00f3n, se ofrecen m\u00e1s detalles sobre estos temas:<\/p><ul><li style=\"list-style-type: none;\"><ul><li>Para nuestra publicidad<\/li><\/ul><\/li><\/ul><p>Utilizamos el almacenamiento local de datos en relaci\u00f3n a las actividades publicitarias. Esto nos permite saber si y con frecuencia el usuario ha visto un anuncio o determinado tipo de anuncio, y cu\u00e1nto tiempo hace que lo vea.<\/p><p>Tambi\u00e9n utilizamos el almacenamiento local de datos para construir segmentos y grupos objetivo con fines de marketing y para dirigir anuncios espec\u00edficos.<\/p><ul><li style=\"list-style-type: none;\"><ul><li>Para analizar y mejorar nuestros servicios<\/li><\/ul><\/li><\/ul><p>Utilizamos diversas herramientas de medici\u00f3n que nos proporcionan estad\u00edsticas y analisis relativas a nuestros servicios. Estas herramientas nos permiten reconocer el navegador web al largo del tiempo y averiguar si el usuario ha visitado el sitio web anteriormente y si es as\u00ed con qu\u00e9 frecuencia. Estas herramientas nos ofrecen la posibilidad de conseguir una visi\u00f3n general de cu\u00e1ntos usuarios \u00fanicos tenemos y c\u00f3mo utilizan nuestros servicios.<\/p><p>Asimismo, utilizamos la informaci\u00f3n que hemos recogido y analizado para desarrollar y mejorar nuestros servicios; por ejemplo, averiguando qu\u00e9 servicios generan mucho tr\u00e1fico o viendo si un servicio est\u00e1 funcionando de modo \u00f3ptimo.<\/p><ul><li style=\"list-style-type: none;\"><ul><li>Para entregar y adaptar los servicios a su uso<\/li><\/ul><\/li><\/ul><p>Se requiere y es necesario el almacenamiento local de datos con el fin de permitirte utilizar nuestros servicios, tales como informaci\u00f3n sobre su configuraci\u00f3n, que nos dice c\u00f3mo deben presentarse los servicios en tu navegador web.<\/p><p>Tambi\u00e9n utilizamos el almacenamiento local de datos para adaptar nuestros servicios al uso lo mejor posible.<\/p><h3><strong>Gesti\u00f3n de las cookies<\/strong><\/h3><p>Puede desactivar las cookies o configurar su navegador para que le avise cuando te env\u00edan una cookie.<\/p><p>La configuraci\u00f3n en su navegador web normalmente muestra una lista de todas las cookies que han sido almacenadas para proporcionarle una visi\u00f3n general y, si lo desea, para eliminar las cookies no deseadas. Normalmente, puede indicar que acepta el almacenamiento de cookies de los sitios web que visitas o de terceros afiliados a dichos sitios web. Tambi\u00e9n puede elegir ser notificado cada vez que se almacena una nueva cookie. Se le proporciona a continuaci\u00f3n orientaci\u00f3n sobre c\u00f3mo hacer esto en diferentes navegadoras web. Su navegador web almacena normalmente cookies en una carpeta espec\u00edfica en su disco duro, de forma que pueda examinar tambi\u00e9n el contenido con m\u00e1s detalle.<\/p><p>Sin embargo, las cookies que est\u00e1n presentes en el sitio web cambian con frecuencia, y no todas las cookies son igual de importantes. Por consiguiente, si\u00a0<strong>ERNEST TORRAS CORNELLA<\/strong>\u00a0cambia el uso de las cookies de seguimiento, se le notificar\u00e1 con un mensaje.<\/p><p>Asimismo, existen disponibles servicios que han sido desarrollados especialmente para proporcionar a los usuarios una lista actualizada de cookies y otros mecanismos de seguimiento.<\/p><p>Tenga en cuenta que si usted las desactiva, es posible que no pueda disfrutar de todas las funcionalidades de nuestro sitio web<\/p><p>A continuaci\u00f3n, se le presenta un resumen de c\u00f3mo las datos almacenadas localmente pueden ser gestionadas en diferentes navegadoras web. Tenga en cuenta que este proceso puede cambiar y que las descripciones aqu\u00ed aqu\u00ed pueden no estar actualizadas.<\/p><h5>Gesti\u00f3n de cookies en Google Chrome<\/h5><ul><li>C\u00f3mo eliminar cookies:<ol><li>Viene a Configuraci\u00f3n en el men\u00fa de su navegador.<\/li><li>Haz clic en Mostrar configuraci\u00f3n avanzada.<\/li><li>Haz clic en Eliminar datos de navegaci\u00f3n.<\/li><li>Selecciona el per\u00edodo de tiempo para el que desea eliminar la informaci\u00f3n en el men\u00fa en la parte superior. Si desea eliminar todas las cookies en el navegador, haz clic en Desde el origen de los tiempos.<\/li><li>Marca Cookies y otras datos de sitios y complementos.<\/li><li>Haz clic en Borrar datos de navegaci\u00f3n.<\/li><li>Cierra la ventana.<\/li><\/ol><\/li><li>C\u00f3mo evitar que las cookies se almacenan en el navegador web:<ol><li>Viene a Configuraci\u00f3n en el men\u00fa de tu navegador.<\/li><li>Haz clic en Mostrar configuraci\u00f3n avanzada y despu\u00e9s haz clic en Configuraci\u00f3n de contenido.<\/li><li>En Cookies, selecciona tu opci\u00f3n favorita. Si desea evitar que todas las cookies se almacenan, haga clic en No permitir que se guarden datos de los sitios.<\/li><li>Haz clic en Hecho.<\/li><li>Cierra la ventana.<\/li><\/ol><\/li><\/ul><h5>\u00a0<\/h5><h5>Gesti\u00f3n de cookies en Safari<\/h5><ul><li>C\u00f3mo eliminar cookies:<ol><li>Ir a Preferencias en el men\u00fa de su navegador.<\/li><li>Haz clic en la pesta\u00f1a Privacidad.<\/li><li>Haz clic en Eliminar todas las datos de los sitios web y despu\u00e9s haz clic en Eliminar para eliminar todas las cookies.<\/li><li>Cierra la ventana.<\/li><\/ol><\/li><li>C\u00f3mo evitar que las cookies se almacenan en su navegador web:<ol><li>Ir a Preferencias en el men\u00fa de tu navegador<\/li><li>Haz clic en la pesta\u00f1a Privacidad.<\/li><li>En Cookies y datos de sitios web selecciona tu opci\u00f3n preferida. Si desea evitar que todas las cookies se almacenan, haz clic en Bloquear siempre.<\/li><li>Cierra la ventana.<\/li><\/ol><\/li><\/ul><h5>\u00a0<\/h5><h5>Gesti\u00f3n de cookies en Mozilla Firefox<\/h5><ul><li>C\u00f3mo eliminar cookies:<ol><li>Ir a Opciones en el men\u00fa de su navegador.<\/li><li>Haz clic en la pesta\u00f1a Privacidad.<\/li><li>Haz clic en Mostrar cookies.<\/li><li>Selecciona las cookies que desees eliminar y haz clic en Eliminar seleccionadas. Haz clic en Eliminar todas si desea eliminar todas las cookies en tu navegador web.<\/li><li>Cierra la ventana. Cualquier cambio que hayas realizado se guardar\u00e1 autom\u00e1ticamente.<\/li><\/ol><\/li><li>C\u00f3mo evitar que las cookies se almacenan en tu navegador web:<ol><li>Ir a Configuraci\u00f3n en el men\u00fa de tu navegador.<\/li><li>Seleccione la pesta\u00f1a Privacidad.<\/li><li>En Historial, haz clic en Usar una configuraci\u00f3n personalizada para el historial.<\/li><li>Selecciona sus opciones preferidas en Permitir cookies de sitios web. Si desea evitar que todas las cookies se almacenan, desactiva la casilla Aceptar cookies de sitios web.<\/li><li>Cierra la ventana. Cualquier cambio que hayas realizado se guardar\u00e1 autom\u00e1ticamente.<\/li><\/ol><\/li><\/ul><h5>\u00a0<\/h5><h5>Gesti\u00f3n de cookies en Internet Explorer<\/h5><ul><li>C\u00f3mo eliminar cookies:<ol><li>Ir a Herramientas (icono de rueda dentada) en el men\u00fa de tu navegador.<\/li><li>Haz clic en Propiedades de Internet.<\/li><li>En la pesta\u00f1a General - Historial de navegaci\u00f3n, haz clic en Eliminar.<\/li><li>Aseg\u00farese de marcar la opci\u00f3n Cookies y datos de sitios web.<\/li><li>Haz clic en Eliminar.<\/li><li>Haz clic en OK.<\/li><\/ol><\/li><li>C\u00f3mo evitar que las cookies se almacenan en su navegador web:<ol><li>Ir a Herramientas (icono de rueda dentada) en el men\u00fa de tu navegador.<\/li><li>Haz clic en Opciones de Internet y despu\u00e9s haz clic en la pesta\u00f1a Privacidad.<\/li><li>Mueve la barra deslizante al nivel deseado. Si desea evitar que todas las cookies se almacenan, selecciona el nivel Bloquear todas las cookies.<\/li><li>Haz clic en OK.<\/li><\/ol><\/li><\/ul><h5>\u00a0<\/h5><h5>Gesti\u00f3n de cookies en Opera<\/h5><ul><li>C\u00f3mo eliminar cookies:<ol><li>Ir a Configuraci\u00f3n en el men\u00fa de tu navegador.<\/li><li>Seleccione la pesta\u00f1a de Privacidad y Seguridad.<\/li><li>Haz clic en Cookies y despu\u00e9s haz clic en Todas las cookies y datos de sitios web.<\/li><li>Selecciona las cookies que desees eliminar y haz clic en Eliminar. Haz clic en Eliminar todas si quieres eliminar todas las cookies en tu navegador web.<\/li><li>Haz clic en Hecho.<\/li><li>Cierra la ventana.<\/li><\/ol><\/li><li>C\u00f3mo evitar que las cookies se almacenan en su navegador web:<ol><li style=\"list-style-type: none;\"><ol><li>Ir a Configuraci\u00f3n en el men\u00fa de tu navegador.<\/li><li>Seleccione la pesta\u00f1a de Privacidad y Seguridad.<\/li><\/ol><\/li><\/ol><p>En Cookies, selecciona tu opci\u00f3n favorita. Si desea evitar que todas las cookies se almacenan, haz clic en No permitir que se guarden datos de los sitios.<\/p><ol><li>Cierra la ventana.<\/li><\/ol><\/li><\/ul><h3>\u00a0<\/h3><h3><strong>Informaci\u00f3n de contacto<\/strong><\/h3><p>Para mayor transparencia, si tiene alguna pregunta relativa al uso del almacenamiento local de nuestro sitio web, p\u00f3ngase en contacto con nosotros en <a href=\"mailto:info@blaudaro.com\">info@blaudaro.com<\/a>, indicando en el asunto \u201cPol\u00edtica de cookies\u201d<\/p><div id=\"gtx-trans\" style=\"position: absolute; left: -16px; top: 4969.56px;\"><div class=\"gtx-trans-icon\">\u00a0<\/div><\/div>\t\t\t\t\t\t\t\t<\/div>\n\t\t\t\t<\/div>\n\t\t\t\t<div class=\"elementor-element elementor-element-a1c9be2 elementor-align-left elementor-widget__width-inherit elementor-widget elementor-widget-button\" data-id=\"a1c9be2\" data-element_type=\"widget\" data-widget_type=\"button.default\">\n\t\t\t\t<div class=\"elementor-widget-container\">\n\t\t\t\t\t\t\t\t\t<div class=\"elementor-button-wrapper\">\n\t\t\t\t\t<a class=\"elementor-button elementor-button-link elementor-size-sm\" href=\"https:\/\/blaudaro.com\/es\">\n\t\t\t\t\t\t<span class=\"elementor-button-content-wrapper\">\n\t\t\t\t\t\t<span class=\"elementor-button-icon\">\n\t\t\t\t<i aria-hidden=\"true\" class=\"fas fa-arrow-left\"><\/i>\t\t\t<\/span>\n\t\t\t\t\t\t\t\t\t<span class=\"elementor-button-text\">Volver al inicio<\/span>\n\t\t\t\t\t<\/span>\n\t\t\t\t\t<\/a>\n\t\t\t\t<\/div>\n\t\t\t\t\t\t\t\t<\/div>\n\t\t\t\t<\/div>\n\t\t\t\t\t<\/div>\n\t\t\t\t<\/div>\n\t\t\t\t<\/div>","protected":false},"excerpt":{"rendered":"<p>Volver al inicio Informaci\u00f3n general de las cookies La confianza del usuario es importante para nosotros, y por consiguiente, en ERNEST TORRAS CORNELLA nos preocupa proteger su privacidad. Un aspecto importante de esto es proporcionarle toda la informaci\u00f3n posible sobre c\u00f3mo utilizamos tus datos de car\u00e1cter personal, incluso c\u00f3mo utilizamos el almacenamiento local de datos y tecnolog\u00eda [\u2026]<\/p>","protected":false},"author":1,"featured_media":0,"parent":0,"menu_order":0,"comment_status":"closed","ping_status":"closed","template":"elementor_header_footer","meta":{"footnotes":""},"class_list":["post-658","page","type-page","status-publish","hentry"],"_links":{"self":[{"href":"https:\/\/blaudaro.com\/es\/wp-json\/wp\/v2\/pages\/658","targetHints":{"allow":["GET"]}}],"collection":[{"href":"https:\/\/blaudaro.com\/es\/wp-json\/wp\/v2\/pages"}],"about":[{"href":"https:\/\/blaudaro.com\/es\/wp-json\/wp\/v2\/types\/page"}],"author":[{"embeddable":true,"href":"https:\/\/blaudaro.com\/es\/wp-json\/wp\/v2\/users\/1"}],"replies":[{"embeddable":true,"href":"https:\/\/blaudaro.com\/es\/wp-json\/wp\/v2\/comments?post=658"}],"version-history":[{"count":28,"href":"https:\/\/blaudaro.com\/es\/wp-json\/wp\/v2\/pages\/658\/revisions"}],"predecessor-version":[{"id":792,"href":"https:\/\/blaudaro.com\/es\/wp-json\/wp\/v2\/pages\/658\/revisions\/792"}],"wp:attachment":[{"href":"https:\/\/blaudaro.com\/es\/wp-json\/wp\/v2\/media?parent=658"}],"curies":[{"name":"wp","href":"https:\/\/api.w.org\/{rel}","templated":true}]}}