{"id":107,"date":"2022-12-20T11:28:20","date_gmt":"2022-12-20T10:28:20","guid":{"rendered":"https:\/\/blaudaro.com\/?page_id=107"},"modified":"2025-02-05T10:40:01","modified_gmt":"2025-02-05T09:40:01","slug":"avis-legal","status":"publish","type":"page","link":"https:\/\/blaudaro.com\/fr\/mentions-legales\/","title":{"rendered":"Avis juridique"},"content":{"rendered":"<div data-elementor-type=\"wp-page\" data-elementor-id=\"107\" class=\"elementor elementor-107\" data-elementor-post-type=\"page\">\n\t\t\t\t<div class=\"elementor-element elementor-element-ef64942 elementor-hidden-widescreen elementor-hidden-desktop elementor-hidden-laptop elementor-hidden-tablet_extra elementor-hidden-tablet elementor-hidden-mobile_extra elementor-hidden-mobile e-flex e-con-boxed e-con e-parent\" data-id=\"ef64942\" data-element_type=\"container\" data-settings=\"{&quot;background_background&quot;:&quot;classic&quot;}\">\n\t\t\t\t\t<div class=\"e-con-inner\">\n\t\t\t\t<div class=\"elementor-element elementor-element-011c3dd elementor-widget__width-initial elementor-view-default elementor-widget elementor-widget-icon\" data-id=\"011c3dd\" data-element_type=\"widget\" data-widget_type=\"icon.default\">\n\t\t\t\t<div class=\"elementor-widget-container\">\n\t\t\t\t\t\t\t<div class=\"elementor-icon-wrapper\">\n\t\t\t<a class=\"elementor-icon\" href=\"https:\/\/blaudaro.com\/fr\">\n\t\t\t<svg xmlns=\"http:\/\/www.w3.org\/2000\/svg\" xmlns:xlink=\"http:\/\/www.w3.org\/1999\/xlink\" id=\"Grupo_673\" data-name=\"Grupo 673\" width=\"1855.312\" height=\"264.084\" viewbox=\"0 0 1855.312 264.084\"><defs><clippath id=\"clip-path\"><rect id=\"Rect&#xE1;ngulo_121\" data-name=\"Rect&#xE1;ngulo 121\" width=\"1855.312\" height=\"264.084\" fill=\"#fff\"><\/rect><\/clippath><\/defs><g id=\"Grupo_281\" data-name=\"Grupo 281\" transform=\"translate(0 0)\" clip-path=\"url(#clip-path)\"><path id=\"Trazado_212\" data-name=\"Trazado 212\" d=\"M90.255,115.014c22.28-9.437,40.6-30.212,40.6-54,0-33.609-34.362-59.477-66.086-59.477H0v254.9H84.968c37.767,0,75.337-32.287,75.337-71,0-37.95-34.176-67.785-70.05-70.43M22.656,7.2h38.9c28.7,0,46.638,23.036,46.638,53.814,0,28.889-19.638,53.814-46.638,53.814h-38.9ZM81.19,250.778H22.656V120.491H81.19c33.989,0,56.459,28.323,56.459,64.954,0,34.366-24.358,65.333-56.459,65.333\" transform=\"translate(0 3.869)\" fill=\"#fff\"><\/path><path id=\"Trazado_213\" data-name=\"Trazado 213\" d=\"M85.415,1.536H62.759V256.443H185.491v-5.667H85.415Z\" transform=\"translate(157.994 3.867)\" fill=\"#fff\"><\/path><path id=\"Trazado_214\" data-name=\"Trazado 214\" d=\"M113.386,256.443h6.039l26.81-65.523H269.917l26.624,65.523h24.541L217.236,1.536ZM148.5,185.257,208.171,38.923l59.477,146.334Z\" transform=\"translate(285.445 3.866)\" fill=\"#fff\"><\/path><path id=\"Trazado_215\" data-name=\"Trazado 215\" d=\"M355.818,151.647c0,81.57-37.764,102.907-75.527,102.907s-75.527-26.434-75.527-101.961V1.536H182.1V152.594c0,84.968,58.534,107.624,98.187,107.624s81.19-22.656,81.19-108.57V1.536h-5.663Z\" transform=\"translate(458.441 3.866)\" fill=\"#fff\"><\/path><path id=\"Trazado_216\" data-name=\"Trazado 216\" d=\"M334.877,1.537H249.909v254.9h84.968c67.975,0,114.8-59.477,114.8-127.452S402.852,1.537,334.877,1.537M331.1,250.778H272.565V7.2H331.1c58.538,0,95.925,63.255,95.925,121.789S389.637,250.778,331.1,250.778\" transform=\"translate(629.138 3.869)\" fill=\"#fff\"><\/path><path id=\"Trazado_217\" data-name=\"Trazado 217\" d=\"M314.762,256.443h6.04l26.81-65.523H471.292l26.624,65.523h24.545L418.612,1.536Zm35.118-71.186L409.547,38.923l59.477,146.334Z\" transform=\"translate(792.403 3.866)\" fill=\"#fff\"><\/path><path id=\"Trazado_218\" data-name=\"Trazado 218\" d=\"M479.362,143.149c37.763,0,75.341-32.287,75.341-71,0-39.839-37.577-70.617-75.341-70.617H390.62V256.443h22.656V143.149h32.1L556.211,256.443h7.932L453.3,143.149Zm-66.086-5.663V7.2h62.312c33.986,0,56.456,28.323,56.456,64.954,0,34.366-24.355,65.333-56.456,65.333Z\" transform=\"translate(983.373 3.866)\" fill=\"#fff\"><\/path><path id=\"Trazado_219\" data-name=\"Trazado 219\" d=\"M637.238,12.937A123.215,123.215,0,0,0,490.584,40.908a130.781,130.781,0,0,0-37.742,91.947c0,72.319,58.91,131.23,131.229,131.23S715.3,205.174,715.3,132.855a131.445,131.445,0,0,0-78.06-119.917m55.4,119.917c0,3.236-.141,6.433-.352,9.61a104.591,104.591,0,0,0-12.23-.7c-21.161,0-31.875,5.241-42.238,10.313-10.13,4.956-19.7,9.634-39.315,9.634s-29.188-4.678-39.314-9.634c-10.366-5.072-21.08-10.313-42.238-10.313-19.835,0-30.493,4.611-40.289,9.363a145.3,145.3,0,0,1-1.111-15.72c.661-.362,1.347-.725,2.089-1.087,10.13-4.956,19.694-9.634,39.311-9.634s29.185,4.678,39.315,9.634c10.366,5.069,21.077,10.31,42.238,10.31s31.872-5.241,42.234-10.31c10.13-4.956,19.7-9.634,39.318-9.634a80.089,80.089,0,0,1,12.381.858c.123,2.417.2,4.851.2,7.306m-12.582,52.2c-21.161,0-31.875,5.245-42.238,10.313-10.13,4.953-19.7,9.634-39.315,9.634s-29.188-4.682-39.314-9.634c-10.366-5.069-21.08-10.313-42.238-10.313-13.046,0-22.114,2-29.585,4.713-1.783-4.031-3.391-8.178-4.791-12.441,8.565-3.978,17.943-7.267,34.376-7.267,19.621,0,29.185,4.682,39.315,9.634,10.366,5.069,21.077,10.313,42.238,10.313s31.872-5.245,42.234-10.313c10.13-4.953,19.7-9.634,39.318-9.634,2.729,0,5.255.1,7.626.267a138.061,138.061,0,0,1-4.956,14.78c-.883-.021-1.748-.053-2.67-.053M691.931,118.7a104,104,0,0,0-11.871-.658c-21.161,0-31.875,5.241-42.238,10.313-10.13,4.953-19.7,9.634-39.315,9.634s-29.188-4.682-39.314-9.634c-10.366-5.072-21.08-10.313-42.238-10.313-20.552,0-31.253,4.949-41.348,9.881C477.865,61.081,525.646,7.288,584.072,7.288c55.706,0,101.743,48.917,107.86,111.409M680.06,163.414c-21.161,0-31.875,5.241-42.238,10.31-10.13,4.956-19.7,9.634-39.315,9.634s-29.188-4.678-39.314-9.634c-10.366-5.069-21.08-10.31-42.238-10.31-17.208,0-27.507,3.468-36.332,7.489-1.161-4.2-2.146-8.495-2.923-12.877,10.106-4.942,19.677-9.606,39.255-9.606,19.621,0,29.185,4.678,39.315,9.634,10.366,5.069,21.077,10.31,42.238,10.31s31.872-5.241,42.234-10.31c10.13-4.956,19.7-9.634,39.318-9.634a98.149,98.149,0,0,1,11.639.665,142.116,142.116,0,0,1-2.41,14.714c-2.852-.239-5.9-.383-9.229-.383m-31.9,70.666c-3.436,1.593-6.5,3.451-10.341,5.329-10.13,4.956-19.7,9.634-39.315,9.634s-29.188-4.678-39.314-9.634c-10.366-5.069-21.08-10.31-42.238-10.31-.837,0-1.625.021-2.431.039a119.459,119.459,0,0,1-11.562-12.99,93.215,93.215,0,0,1,13.992-.992c19.621,0,29.185,4.678,39.315,9.631,10.366,5.072,21.077,10.313,42.238,10.313s31.872-5.241,42.234-10.313c7.141-3.489,14.035-6.831,24.334-8.505a117.423,117.423,0,0,1-16.912,17.8m-126,1.8c16.173.756,24.925,5.012,34.109,9.5,10.366,5.069,21.077,10.31,42.238,10.31,3.451,0,6.606-.151,9.547-.4a94.287,94.287,0,0,1-23.982,3.131c-23,0-44.334-8.357-61.911-22.54m148.167-26.951c-14.967,1.33-23.87,5.663-32.505,9.891-10.13,4.953-19.7,9.634-39.315,9.634s-29.188-4.682-39.314-9.634c-10.366-5.072-21.08-10.313-42.238-10.313a95.9,95.9,0,0,0-18.329,1.615,128.528,128.528,0,0,1-8.4-14.309c6.828-2.417,14.967-4.1,26.733-4.1,19.621,0,29.185,4.682,39.315,9.638,10.366,5.069,21.077,10.31,42.238,10.31s31.872-5.241,42.234-10.31c10.1-4.946,19.652-9.61,39.17-9.634a129.879,129.879,0,0,1-9.585,17.218\" transform=\"translate(1140.014 0)\" fill=\"#fff\"><\/path><\/g><\/svg>\t\t\t<\/a>\n\t\t<\/div>\n\t\t\t\t\t\t<\/div>\n\t\t\t\t<\/div>\n\t\t\t\t<div class=\"elementor-element elementor-element-b93b12a elementor-align-right elementor-widget__width-auto elementor-widget elementor-widget-button\" data-id=\"b93b12a\" data-element_type=\"widget\" data-widget_type=\"button.default\">\n\t\t\t\t<div class=\"elementor-widget-container\">\n\t\t\t\t\t\t\t\t\t<div class=\"elementor-button-wrapper\">\n\t\t\t\t\t<a class=\"elementor-button elementor-button-link elementor-size-sm\" href=\"https:\/\/blaudaro.com\/fr\">\n\t\t\t\t\t\t<span class=\"elementor-button-content-wrapper\">\n\t\t\t\t\t\t<span class=\"elementor-button-icon\">\n\t\t\t\t<i aria-hidden=\"true\" class=\"fas fa-arrow-left\"><\/i>\t\t\t<\/span>\n\t\t\t\t\t\t\t\t\t<span class=\"elementor-button-text\">Retour en haut<\/span>\n\t\t\t\t\t<\/span>\n\t\t\t\t\t<\/a>\n\t\t\t\t<\/div>\n\t\t\t\t\t\t\t\t<\/div>\n\t\t\t\t<\/div>\n\t\t\t\t\t<\/div>\n\t\t\t\t<\/div>\n\t\t<div class=\"elementor-element elementor-element-30345de e-con-full e-flex e-con e-parent\" data-id=\"30345de\" data-element_type=\"container\" data-settings=\"{&quot;background_background&quot;:&quot;classic&quot;}\">\n\t\t<div class=\"elementor-element elementor-element-470c47f e-flex e-con-boxed e-con e-child\" data-id=\"470c47f\" data-element_type=\"container\">\n\t\t\t\t\t<div class=\"e-con-inner\">\n\t\t\t\t<div class=\"elementor-element elementor-element-74a58b1 elementor-widget elementor-widget-heading\" data-id=\"74a58b1\" data-element_type=\"widget\" data-widget_type=\"heading.default\">\n\t\t\t\t<div class=\"elementor-widget-container\">\n\t\t\t\t\t<h1 class=\"elementor-heading-title elementor-size-default\">Avis juridique<\/h1>\t\t\t\t<\/div>\n\t\t\t\t<\/div>\n\t\t\t\t\t<\/div>\n\t\t\t\t<\/div>\n\t\t\t\t<\/div>\n\t\t\t\t<section class=\"elementor-section elementor-top-section elementor-element elementor-element-652463e9 elementor-section-boxed elementor-section-height-default elementor-section-height-default\" data-id=\"652463e9\" data-element_type=\"section\">\n\t\t\t\t\t\t<div class=\"elementor-container elementor-column-gap-default\">\n\t\t\t\t\t<div class=\"elementor-column elementor-col-100 elementor-top-column elementor-element elementor-element-4e029e15\" data-id=\"4e029e15\" data-element_type=\"column\">\n\t\t\t<div class=\"elementor-widget-wrap elementor-element-populated\">\n\t\t\t\t\t\t<div class=\"elementor-element elementor-element-42e3616 elementor-widget elementor-widget-text-editor\" data-id=\"42e3616\" data-element_type=\"widget\" data-widget_type=\"text-editor.default\">\n\t\t\t\t<div class=\"elementor-widget-container\">\n\t\t\t\t\t\t\t\t\t\n<h3 class=\"wp-block-heading\"><\/h3>\n<h3 class=\"wp-block-heading\"><strong>1. Objet et acceptation<\/strong><\/h3>\n<p>Cet avis juridique r\u00e9git l&#039;utilisation de notre site Web, qui appartient \u00e0\u00a0<strong>ERNEST TORRAS CORNELLA<\/strong>\u00a0. En parcourant le site Web de\u00a0<strong>ERNEST TORRAS CORNELLA<\/strong>\u00a0attribue la condition d&#039;utilisateur de celui-ci et implique l&#039;acceptation pleine et sans r\u00e9serve de chacune des dispositions incluses dans le pr\u00e9sent Avis L\u00e9gal, qui peuvent subir des modifications. Vous vous engagez \u00e0 faire un usage correct du site Web conform\u00e9ment aux lois, \u00e0 la bonne foi, \u00e0 l&#039;ordre public, aux usages du trafic et aux pr\u00e9sentes\u00a0<strong>Mentions l\u00e9gales<\/strong>. Vous r\u00e9pondrez \u00e0\u00a0<strong>ERNEST TORRAS CORNELLA<\/strong>\u00a0ou contre des tiers, pour tout dommage qui pourrait \u00eatre caus\u00e9 du fait de la violation de cette obligation.<\/p>\n<p>\u00a0<\/p>\n<h3><strong>2. Identification et communications<\/strong><\/h3>\n<p><strong>ERNEST TORRAS CORNELLA<\/strong>, conform\u00e9ment \u00e0 la loi 34\/2002, du 11 juillet, sur les services de la soci\u00e9t\u00e9 de l&#039;information et du commerce \u00e9lectronique, vous informe que :<\/p>\n<ul>\n<li>Sa d\u00e9nomination sociale est :\u00a0<strong>ERNEST TORRAS CORNELLA<\/strong><\/li>\n<li>Votre CIF est :\u00a0<strong>40357619W<\/strong><\/li>\n<li>Son si\u00e8ge social est situ\u00e9 \u00e0 : <strong>Rue Roura, 23, 17250, Castell-Platja d&#039;Aro, G\u00e9rone<\/strong><\/li>\n<li>Inscription au registre du commerce :<\/li>\n<\/ul>\n<p>Pour communiquer avec nous, nous mettons \u00e0 votre disposition diff\u00e9rents moyens de contact pr\u00e9cis\u00e9s dans la\u00a0<strong>politique de confidentialit\u00e9<\/strong>.<\/p>\n<p>Toutes les notifications et communications que vous faites avec\u00a0<strong>ERNEST TORRAS CORNELLA<\/strong>\u00a0seront consid\u00e9r\u00e9es comme efficaces, \u00e0 toutes fins, pour autant qu&#039;elles soient r\u00e9alis\u00e9es par les moyens sp\u00e9cifi\u00e9s ci-dessus.<\/p>\n<p>\u00a0<\/p>\n<h3><strong>3. Conditions d&#039;acc\u00e8s et d&#039;utilisation<\/strong><\/h3>\n<p>Le site et ses services sont librement accessibles, toutefois,\u00a0<strong>ERNEST TORRAS CORNELLA<\/strong>\u00a0conditionne l&#039;utilisation de certains des services propos\u00e9s sur son site Internet au remplissage pr\u00e9alable du formulaire correspondant.<\/p>\n<p>Vous garantissez l&#039;authenticit\u00e9 et l&#039;actualit\u00e9 de toutes les donn\u00e9es que vous nous communiquez\u00a0<strong>ERNEST TORRAS CORNELLA<\/strong>\u00a0et sera seul responsable de toute d\u00e9claration fausse ou inexacte faite.<\/p>\n<p>Vous vous engagez express\u00e9ment \u00e0 faire un usage appropri\u00e9 des contenus et services d&#039;EL.\u00a0<strong>ERNEST TORRAS CORNELLA<\/strong>\u00a0ne les utilisez plus, entre autres, pour :<\/p>\n<ul>\n<li>Diffuser des contenus \u00e0 caract\u00e8re criminel, violent, pornographique, raciste, x\u00e9nophobe, offensant, faisant l\u2019apologie du terrorisme ou, en g\u00e9n\u00e9ral, contraires \u00e0 la loi ou \u00e0 l\u2019ordre public.<\/li>\n<li>Introduire des virus informatiques dans le r\u00e9seau ou effectuer des actions susceptibles d&#039;alt\u00e9rer, d&#039;alt\u00e9rer, d&#039;interrompre ou de g\u00e9n\u00e9rer des erreurs ou des dommages aux documents \u00e9lectroniques, aux donn\u00e9es ou aux syst\u00e8mes physiques et logiques de\u00a0<strong>ERNEST TORRAS CORNELLA<\/strong>\u00a0ou des tiers ; ainsi que d&#039;entraver l&#039;acc\u00e8s des autres utilisateurs au site Web et \u00e0 ses services par la consommation massive de ressources informatiques par lesquelles\u00a0<strong>ERNEST TORRAS CORNELLA<\/strong>\u00a0fournit ses services.<\/li>\n<li>Tenter d&#039;acc\u00e9der aux donn\u00e9es d&#039;autres personnes ou \u00e0 des zones restreintes de syst\u00e8mes informatiques\u00a0<strong>ERNEST TORRAS CORNELLA<\/strong>\u00a0ou \u00e0 des tiers et, le cas \u00e9ch\u00e9ant, en extraire des informations.<\/li>\n<li>Violer les droits de propri\u00e9t\u00e9 intellectuelle ou industrielle, ainsi que violer la confidentialit\u00e9 des informations\u00a0<strong>ERNEST TORRAS CORNELLA<\/strong>\u00a0ou des tiers.<\/li>\n<li>Usurper l\u2019identit\u00e9 d\u2019un autre utilisateur, des administrations publiques ou d\u2019un tiers.<\/li>\n<li>Reproduire, copier, distribuer, mettre \u00e0 disposition ou de toute autre mani\u00e8re communiquer publiquement, transformer ou modifier le contenu, sauf si vous disposez de l&#039;autorisation du titulaire des droits correspondants ou si cela est l\u00e9galement autoris\u00e9.<\/li>\n<li>Collecter des donn\u00e9es \u00e0 des fins publicitaires et pour envoyer de la publicit\u00e9 de toute nature et des communications \u00e0 des fins de vente ou \u00e0 d&#039;autres fins commerciales sans votre demande ou consentement pr\u00e9alable.<\/li>\n<\/ul>\n<p>Tous les contenus du site Web, tels que les textes, photographies, graphiques, images, ic\u00f4nes, technologie, logiciels, ainsi que sa conception graphique et ses codes sources, constituent une \u0153uvre dont la propri\u00e9t\u00e9 appartient \u00e0\u00a0<strong>ERNEST TORRAS CORNELLA<\/strong>, sans qu&#039;aucun droit d&#039;exploitation sur ceux-ci ne soit entendu comme \u00e9tant transf\u00e9r\u00e9 au-del\u00e0 de ce qui est strictement n\u00e9cessaire \u00e0 l&#039;utilisation correcte du site.<\/p>\n<p>En bref, vous qui acc\u00e9dez \u00e0 ce site Web pouvez visualiser le contenu et, le cas \u00e9ch\u00e9ant, faire des copies priv\u00e9es autoris\u00e9es \u00e0 condition que les \u00e9l\u00e9ments reproduits ne soient pas ult\u00e9rieurement c\u00e9d\u00e9s \u00e0 des tiers, ni install\u00e9s sur des serveurs connect\u00e9s \u00e0 des r\u00e9seaux, ni fassent l&#039;objet d&#039;aucun type d&#039;exploitation.<\/p>\n<p>De m\u00eame, toutes les marques, noms commerciaux ou signes distinctifs de toute nature apparaissant sur le site sont la propri\u00e9t\u00e9 de\u00a0<strong>ERNEST TORRAS CORNELLA<\/strong>, sans qu&#039;il soit entendu que l&#039;utilisation ou l&#039;acc\u00e8s \u00e0 celles-ci vous conf\u00e8re un quelconque droit sur celles-ci.<\/p>\n<p>La distribution, la modification, la cession ou la communication publique des contenus et tout autre acte qui n&#039;a pas \u00e9t\u00e9 express\u00e9ment autoris\u00e9 par le titulaire des droits d&#039;exploitation sont interdits.<\/p>\n<p>L&#039;\u00e9tablissement d&#039;un lien hypertexte n&#039;implique en aucun cas l&#039;existence de relations entre\u00a0<strong>ERNEST TORRAS CORNELLA<\/strong>\u00a0et le propri\u00e9taire du site Web sur lequel il est \u00e9tabli, ni l&#039;acceptation et l&#039;approbation par\u00a0<strong>ERNEST TORRAS CORNELLA<\/strong>\u00a0de son contenu ou de ses services. Les personnes qui souhaitent \u00e9tablir un lien hypertexte doivent au pr\u00e9alable demander une autorisation \u00e9crite \u00e0\u00a0<strong>ERNEST TORRAS CORNELLA<\/strong>. Dans tous les cas, l&#039;hyperlien permettra uniquement l&#039;acc\u00e8s \u00e0 la page d&#039;accueil ou \u00e0 la page d&#039;accueil de notre site Web, vous devrez \u00e9galement vous abstenir de faire des d\u00e9clarations ou des indications fausses, inexactes ou incorrectes sur ERNEST TORRAS CORNELLA, ou d&#039;inclure des contenus illicites, contraires aux bonnes m\u0153urs et \u00e0 l&#039;ordre public.<\/p>\n<p><strong>ERNEST TORRAS CORNELLA<\/strong>\u00a0n&#039;est pas responsable de l&#039;utilisation que chaque utilisateur fait des mat\u00e9riaux mis \u00e0 disposition sur ce site Web ou des actions qu&#039;il entreprend sur la base de ceux-ci.<\/p>\n<p>\u00a0<\/p>\n<h3><strong>4. Exclusion de garanties et de responsabilit\u00e9<\/strong><\/h3>\n<p><strong>ERNEST TORRAS CORNELLA<\/strong>\u00a0exclut, dans la mesure permise par la loi, toute responsabilit\u00e9 pour les dommages de toute nature d\u00e9coulant :<\/p>\n<ul>\n<li>L&#039;impossibilit\u00e9 d&#039;acc\u00e9der au site Web ou le manque de v\u00e9racit\u00e9, d&#039;exactitude, d&#039;exhaustivit\u00e9 et\/ou d&#039;actualit\u00e9 des contenus, ainsi que l&#039;existence de d\u00e9fauts et de vices de toute nature dans les contenus transmis, diffus\u00e9s, stock\u00e9s, mis \u00e0 disposition qui ont \u00e9t\u00e9 consult\u00e9s via le site Web ou les services offerts.<\/li>\n<li>La pr\u00e9sence de virus ou d\u2019autres \u00e9l\u00e9ments dans le contenu pouvant entra\u00eener des alt\u00e9rations des syst\u00e8mes informatiques, des documents \u00e9lectroniques ou des donn\u00e9es de l\u2019utilisateur.<\/li>\n<li>Le non-respect des lois, de la bonne foi, de l&#039;ordre public, des usages du trafic et de la pr\u00e9sente notice l\u00e9gale en cons\u00e9quence d&#039;une utilisation incorrecte du site Web. En particulier, et \u00e0 titre d\u2019exemple,\u00a0<strong>ERNEST TORRAS CORNELLA<\/strong>\u00a0n&#039;est pas responsable des actions de tiers qui violent les droits de propri\u00e9t\u00e9 intellectuelle et industrielle, les secrets d&#039;affaires, les droits \u00e0 l&#039;honneur, \u00e0 la vie priv\u00e9e et familiale et \u00e0 sa propre image, ainsi que les r\u00e9glementations sur la concurrence d\u00e9loyale et la publicit\u00e9 illicite.<\/li>\n<\/ul>\n<p>Aussi,\u00a0<strong>ERNEST TORRAS CORNELLA<\/strong>\u00a0d\u00e9cline toute responsabilit\u00e9 concernant les informations qui se trouvent en dehors de ce site et qui ne sont pas g\u00e9r\u00e9es directement par notre webmaster. La fonction des liens qui apparaissent sur ce site Web est exclusivement d&#039;informer l&#039;utilisateur de l&#039;existence d&#039;autres sources susceptibles d&#039;\u00e9largir le contenu propos\u00e9 par ce site Web.\u00a0<strong>ERNEST TORRAS CORNELLA<\/strong>\u00a0ne garantit ni n&#039;assume aucune responsabilit\u00e9 quant au fonctionnement ou \u00e0 l&#039;accessibilit\u00e9 des sites li\u00e9s ; et ne sugg\u00e8re, n&#039;invite ou ne recommande pas une visite chez eux, de sorte qu&#039;il ne sera pas responsable du r\u00e9sultat obtenu.\u00a0<strong>ERNEST TORRAS CORNELLA<\/strong>\u00a0n&#039;est pas responsable de l&#039;\u00e9tablissement de liens hypertextes par des tiers.<\/p>\n<p>\u00a0<\/p>\n<h3><strong>5. Proc\u00e9dure en cas d&#039;exercice d&#039;activit\u00e9s ill\u00e9gales<\/strong><\/h3>\n<p>Dans le cas o\u00f9 vous ou un tiers estimez qu&#039;il existe des faits ou des circonstances r\u00e9v\u00e9lant le caract\u00e8re illicite de l&#039;utilisation de tout contenu et\/ou de la r\u00e9alisation de toute activit\u00e9 sur les pages Web incluses ou accessibles via le site Web, vous devez contacter\u00a0<strong>ERNEST TORRAS CORNELLA<\/strong>\u00a0en s&#039;identifiant d\u00fbment, en pr\u00e9cisant les violations pr\u00e9sum\u00e9es et en d\u00e9clarant express\u00e9ment et sous leur responsabilit\u00e9 que les informations fournies dans la notification sont exactes.<\/p>\n<p>Pour toute question litigieuse concernant le site Internet de\u00a0<strong>ERNEST TORRAS CORNELLA<\/strong>La l\u00e9gislation espagnole sera appliqu\u00e9e, les tribunaux les plus proches du si\u00e8ge de (l&#039;Espagne) \u00e9tant comp\u00e9tents.<\/p>\n<p>\u00a0<\/p>\n<h3><strong>6. Publications<\/strong><\/h3>\n<p>Les informations administratives fournies \u00e0 travers le site web ne remplacent pas la publicit\u00e9 l\u00e9gale des lois, r\u00e8glements, plans, dispositions g\u00e9n\u00e9rales et actes qui doivent \u00eatre formellement publi\u00e9s dans les journaux officiels des administrations publiques, qui constituent le seul instrument attestant de leur authenticit\u00e9 et de leur contenu. Les informations disponibles sur ce site doivent \u00eatre comprises comme un guide sans aucune validit\u00e9 juridique.<\/p>\n\t\t\t\t\t\t\t\t<\/div>\n\t\t\t\t<\/div>\n\t\t\t\t<div class=\"elementor-element elementor-element-befa137 elementor-align-left elementor-widget__width-inherit elementor-widget elementor-widget-button\" data-id=\"befa137\" data-element_type=\"widget\" data-widget_type=\"button.default\">\n\t\t\t\t<div class=\"elementor-widget-container\">\n\t\t\t\t\t\t\t\t\t<div class=\"elementor-button-wrapper\">\n\t\t\t\t\t<a class=\"elementor-button elementor-button-link elementor-size-sm\" href=\"https:\/\/blaudaro.com\/fr\">\n\t\t\t\t\t\t<span class=\"elementor-button-content-wrapper\">\n\t\t\t\t\t\t<span class=\"elementor-button-icon\">\n\t\t\t\t<i aria-hidden=\"true\" class=\"fas fa-arrow-left\"><\/i>\t\t\t<\/span>\n\t\t\t\t\t\t\t\t\t<span class=\"elementor-button-text\">Retour en haut<\/span>\n\t\t\t\t\t<\/span>\n\t\t\t\t\t<\/a>\n\t\t\t\t<\/div>\n\t\t\t\t\t\t\t\t<\/div>\n\t\t\t\t<\/div>\n\t\t\t\t\t<\/div>\n\t\t<\/div>\n\t\t\t\t\t<\/div>\n\t\t<\/section>\n\t\t\t\t<\/div>","protected":false},"excerpt":{"rendered":"<p>Retour au d\u00e9but 1. Objet et acceptation Les pr\u00e9sentes mentions l\u00e9gales r\u00e9gissent l&#039;utilisation de notre site web, propri\u00e9t\u00e9 d&#039;ERNEST TORRAS CORNELLA. La navigation sur le site web d&#039;ERNEST TORRAS CORNELLA conf\u00e8re la qualit\u00e9 d&#039;utilisateur et implique l&#039;acceptation pleine et enti\u00e8re de chacune des dispositions [...]<\/p>","protected":false},"author":1,"featured_media":0,"parent":0,"menu_order":0,"comment_status":"closed","ping_status":"closed","template":"elementor_header_footer","meta":{"footnotes":""},"class_list":["post-107","page","type-page","status-publish","hentry"],"_links":{"self":[{"href":"https:\/\/blaudaro.com\/fr\/wp-json\/wp\/v2\/pages\/107","targetHints":{"allow":["GET"]}}],"collection":[{"href":"https:\/\/blaudaro.com\/fr\/wp-json\/wp\/v2\/pages"}],"about":[{"href":"https:\/\/blaudaro.com\/fr\/wp-json\/wp\/v2\/types\/page"}],"author":[{"embeddable":true,"href":"https:\/\/blaudaro.com\/fr\/wp-json\/wp\/v2\/users\/1"}],"replies":[{"embeddable":true,"href":"https:\/\/blaudaro.com\/fr\/wp-json\/wp\/v2\/comments?post=107"}],"version-history":[{"count":43,"href":"https:\/\/blaudaro.com\/fr\/wp-json\/wp\/v2\/pages\/107\/revisions"}],"predecessor-version":[{"id":781,"href":"https:\/\/blaudaro.com\/fr\/wp-json\/wp\/v2\/pages\/107\/revisions\/781"}],"wp:attachment":[{"href":"https:\/\/blaudaro.com\/fr\/wp-json\/wp\/v2\/media?parent=107"}],"curies":[{"name":"wp","href":"https:\/\/api.w.org\/{rel}","templated":true}]}}