{"id":648,"date":"2024-07-11T15:56:37","date_gmt":"2024-07-11T13:56:37","guid":{"rendered":"https:\/\/blaudaro.com\/?page_id=648"},"modified":"2025-02-05T10:48:55","modified_gmt":"2025-02-05T09:48:55","slug":"consentiment-inequivoc","status":"publish","type":"page","link":"https:\/\/blaudaro.com\/fr\/consentement-sans-equivoque\/","title":{"rendered":"Consentement sans \u00e9quivoque"},"content":{"rendered":"<div data-elementor-type=\"wp-page\" data-elementor-id=\"648\" class=\"elementor elementor-648\" data-elementor-post-type=\"page\">\n\t\t\t\t<div class=\"elementor-element elementor-element-8b8290f elementor-hidden-widescreen elementor-hidden-desktop elementor-hidden-laptop elementor-hidden-tablet_extra elementor-hidden-tablet elementor-hidden-mobile_extra elementor-hidden-mobile e-flex e-con-boxed e-con e-parent\" data-id=\"8b8290f\" data-element_type=\"container\" data-settings=\"{&quot;background_background&quot;:&quot;classic&quot;}\">\n\t\t\t\t\t<div class=\"e-con-inner\">\n\t\t\t\t<div class=\"elementor-element elementor-element-bdeb16b elementor-widget__width-initial elementor-view-default elementor-widget elementor-widget-icon\" data-id=\"bdeb16b\" data-element_type=\"widget\" data-widget_type=\"icon.default\">\n\t\t\t\t<div class=\"elementor-widget-container\">\n\t\t\t\t\t\t\t<div class=\"elementor-icon-wrapper\">\n\t\t\t<a class=\"elementor-icon\" href=\"https:\/\/blaudaro.com\/fr\">\n\t\t\t<svg xmlns=\"http:\/\/www.w3.org\/2000\/svg\" xmlns:xlink=\"http:\/\/www.w3.org\/1999\/xlink\" id=\"Grupo_673\" data-name=\"Grupo 673\" width=\"1855.312\" height=\"264.084\" viewbox=\"0 0 1855.312 264.084\"><defs><clippath id=\"clip-path\"><rect id=\"Rect&#xE1;ngulo_121\" data-name=\"Rect&#xE1;ngulo 121\" width=\"1855.312\" height=\"264.084\" fill=\"#fff\"><\/rect><\/clippath><\/defs><g id=\"Grupo_281\" data-name=\"Grupo 281\" transform=\"translate(0 0)\" clip-path=\"url(#clip-path)\"><path id=\"Trazado_212\" data-name=\"Trazado 212\" d=\"M90.255,115.014c22.28-9.437,40.6-30.212,40.6-54,0-33.609-34.362-59.477-66.086-59.477H0v254.9H84.968c37.767,0,75.337-32.287,75.337-71,0-37.95-34.176-67.785-70.05-70.43M22.656,7.2h38.9c28.7,0,46.638,23.036,46.638,53.814,0,28.889-19.638,53.814-46.638,53.814h-38.9ZM81.19,250.778H22.656V120.491H81.19c33.989,0,56.459,28.323,56.459,64.954,0,34.366-24.358,65.333-56.459,65.333\" transform=\"translate(0 3.869)\" fill=\"#fff\"><\/path><path id=\"Trazado_213\" data-name=\"Trazado 213\" d=\"M85.415,1.536H62.759V256.443H185.491v-5.667H85.415Z\" transform=\"translate(157.994 3.867)\" fill=\"#fff\"><\/path><path id=\"Trazado_214\" data-name=\"Trazado 214\" d=\"M113.386,256.443h6.039l26.81-65.523H269.917l26.624,65.523h24.541L217.236,1.536ZM148.5,185.257,208.171,38.923l59.477,146.334Z\" transform=\"translate(285.445 3.866)\" fill=\"#fff\"><\/path><path id=\"Trazado_215\" data-name=\"Trazado 215\" d=\"M355.818,151.647c0,81.57-37.764,102.907-75.527,102.907s-75.527-26.434-75.527-101.961V1.536H182.1V152.594c0,84.968,58.534,107.624,98.187,107.624s81.19-22.656,81.19-108.57V1.536h-5.663Z\" transform=\"translate(458.441 3.866)\" fill=\"#fff\"><\/path><path id=\"Trazado_216\" data-name=\"Trazado 216\" d=\"M334.877,1.537H249.909v254.9h84.968c67.975,0,114.8-59.477,114.8-127.452S402.852,1.537,334.877,1.537M331.1,250.778H272.565V7.2H331.1c58.538,0,95.925,63.255,95.925,121.789S389.637,250.778,331.1,250.778\" transform=\"translate(629.138 3.869)\" fill=\"#fff\"><\/path><path id=\"Trazado_217\" data-name=\"Trazado 217\" d=\"M314.762,256.443h6.04l26.81-65.523H471.292l26.624,65.523h24.545L418.612,1.536Zm35.118-71.186L409.547,38.923l59.477,146.334Z\" transform=\"translate(792.403 3.866)\" fill=\"#fff\"><\/path><path id=\"Trazado_218\" data-name=\"Trazado 218\" d=\"M479.362,143.149c37.763,0,75.341-32.287,75.341-71,0-39.839-37.577-70.617-75.341-70.617H390.62V256.443h22.656V143.149h32.1L556.211,256.443h7.932L453.3,143.149Zm-66.086-5.663V7.2h62.312c33.986,0,56.456,28.323,56.456,64.954,0,34.366-24.355,65.333-56.456,65.333Z\" transform=\"translate(983.373 3.866)\" fill=\"#fff\"><\/path><path id=\"Trazado_219\" data-name=\"Trazado 219\" d=\"M637.238,12.937A123.215,123.215,0,0,0,490.584,40.908a130.781,130.781,0,0,0-37.742,91.947c0,72.319,58.91,131.23,131.229,131.23S715.3,205.174,715.3,132.855a131.445,131.445,0,0,0-78.06-119.917m55.4,119.917c0,3.236-.141,6.433-.352,9.61a104.591,104.591,0,0,0-12.23-.7c-21.161,0-31.875,5.241-42.238,10.313-10.13,4.956-19.7,9.634-39.315,9.634s-29.188-4.678-39.314-9.634c-10.366-5.072-21.08-10.313-42.238-10.313-19.835,0-30.493,4.611-40.289,9.363a145.3,145.3,0,0,1-1.111-15.72c.661-.362,1.347-.725,2.089-1.087,10.13-4.956,19.694-9.634,39.311-9.634s29.185,4.678,39.315,9.634c10.366,5.069,21.077,10.31,42.238,10.31s31.872-5.241,42.234-10.31c10.13-4.956,19.7-9.634,39.318-9.634a80.089,80.089,0,0,1,12.381.858c.123,2.417.2,4.851.2,7.306m-12.582,52.2c-21.161,0-31.875,5.245-42.238,10.313-10.13,4.953-19.7,9.634-39.315,9.634s-29.188-4.682-39.314-9.634c-10.366-5.069-21.08-10.313-42.238-10.313-13.046,0-22.114,2-29.585,4.713-1.783-4.031-3.391-8.178-4.791-12.441,8.565-3.978,17.943-7.267,34.376-7.267,19.621,0,29.185,4.682,39.315,9.634,10.366,5.069,21.077,10.313,42.238,10.313s31.872-5.245,42.234-10.313c10.13-4.953,19.7-9.634,39.318-9.634,2.729,0,5.255.1,7.626.267a138.061,138.061,0,0,1-4.956,14.78c-.883-.021-1.748-.053-2.67-.053M691.931,118.7a104,104,0,0,0-11.871-.658c-21.161,0-31.875,5.241-42.238,10.313-10.13,4.953-19.7,9.634-39.315,9.634s-29.188-4.682-39.314-9.634c-10.366-5.072-21.08-10.313-42.238-10.313-20.552,0-31.253,4.949-41.348,9.881C477.865,61.081,525.646,7.288,584.072,7.288c55.706,0,101.743,48.917,107.86,111.409M680.06,163.414c-21.161,0-31.875,5.241-42.238,10.31-10.13,4.956-19.7,9.634-39.315,9.634s-29.188-4.678-39.314-9.634c-10.366-5.069-21.08-10.31-42.238-10.31-17.208,0-27.507,3.468-36.332,7.489-1.161-4.2-2.146-8.495-2.923-12.877,10.106-4.942,19.677-9.606,39.255-9.606,19.621,0,29.185,4.678,39.315,9.634,10.366,5.069,21.077,10.31,42.238,10.31s31.872-5.241,42.234-10.31c10.13-4.956,19.7-9.634,39.318-9.634a98.149,98.149,0,0,1,11.639.665,142.116,142.116,0,0,1-2.41,14.714c-2.852-.239-5.9-.383-9.229-.383m-31.9,70.666c-3.436,1.593-6.5,3.451-10.341,5.329-10.13,4.956-19.7,9.634-39.315,9.634s-29.188-4.678-39.314-9.634c-10.366-5.069-21.08-10.31-42.238-10.31-.837,0-1.625.021-2.431.039a119.459,119.459,0,0,1-11.562-12.99,93.215,93.215,0,0,1,13.992-.992c19.621,0,29.185,4.678,39.315,9.631,10.366,5.072,21.077,10.313,42.238,10.313s31.872-5.241,42.234-10.313c7.141-3.489,14.035-6.831,24.334-8.505a117.423,117.423,0,0,1-16.912,17.8m-126,1.8c16.173.756,24.925,5.012,34.109,9.5,10.366,5.069,21.077,10.31,42.238,10.31,3.451,0,6.606-.151,9.547-.4a94.287,94.287,0,0,1-23.982,3.131c-23,0-44.334-8.357-61.911-22.54m148.167-26.951c-14.967,1.33-23.87,5.663-32.505,9.891-10.13,4.953-19.7,9.634-39.315,9.634s-29.188-4.682-39.314-9.634c-10.366-5.072-21.08-10.313-42.238-10.313a95.9,95.9,0,0,0-18.329,1.615,128.528,128.528,0,0,1-8.4-14.309c6.828-2.417,14.967-4.1,26.733-4.1,19.621,0,29.185,4.682,39.315,9.638,10.366,5.069,21.077,10.31,42.238,10.31s31.872-5.241,42.234-10.31c10.1-4.946,19.652-9.61,39.17-9.634a129.879,129.879,0,0,1-9.585,17.218\" transform=\"translate(1140.014 0)\" fill=\"#fff\"><\/path><\/g><\/svg>\t\t\t<\/a>\n\t\t<\/div>\n\t\t\t\t\t\t<\/div>\n\t\t\t\t<\/div>\n\t\t\t\t<div class=\"elementor-element elementor-element-781b689 elementor-align-right elementor-widget__width-auto elementor-widget elementor-widget-button\" data-id=\"781b689\" data-element_type=\"widget\" data-widget_type=\"button.default\">\n\t\t\t\t<div class=\"elementor-widget-container\">\n\t\t\t\t\t\t\t\t\t<div class=\"elementor-button-wrapper\">\n\t\t\t\t\t<a class=\"elementor-button elementor-button-link elementor-size-sm\" href=\"https:\/\/blaudaro.com\/fr\">\n\t\t\t\t\t\t<span class=\"elementor-button-content-wrapper\">\n\t\t\t\t\t\t<span class=\"elementor-button-icon\">\n\t\t\t\t<i aria-hidden=\"true\" class=\"fas fa-arrow-left\"><\/i>\t\t\t<\/span>\n\t\t\t\t\t\t\t\t\t<span class=\"elementor-button-text\">Retour en haut<\/span>\n\t\t\t\t\t<\/span>\n\t\t\t\t\t<\/a>\n\t\t\t\t<\/div>\n\t\t\t\t\t\t\t\t<\/div>\n\t\t\t\t<\/div>\n\t\t\t\t\t<\/div>\n\t\t\t\t<\/div>\n\t\t<div class=\"elementor-element elementor-element-36d32a1 e-con-full e-flex e-con e-parent\" data-id=\"36d32a1\" data-element_type=\"container\" data-settings=\"{&quot;background_background&quot;:&quot;classic&quot;}\">\n\t\t<div class=\"elementor-element elementor-element-8be579b e-flex e-con-boxed e-con e-child\" data-id=\"8be579b\" data-element_type=\"container\">\n\t\t\t\t\t<div class=\"e-con-inner\">\n\t\t\t\t<div class=\"elementor-element elementor-element-f1de6c9 elementor-widget elementor-widget-heading\" data-id=\"f1de6c9\" data-element_type=\"widget\" data-widget_type=\"heading.default\">\n\t\t\t\t<div class=\"elementor-widget-container\">\n\t\t\t\t\t<h1 class=\"elementor-heading-title elementor-size-default\">Consentement sans \u00e9quivoque<\/h1>\t\t\t\t<\/div>\n\t\t\t\t<\/div>\n\t\t\t\t\t<\/div>\n\t\t\t\t<\/div>\n\t\t\t\t<\/div>\n\t\t<div class=\"elementor-element elementor-element-f1c04d0 e-flex e-con-boxed e-con e-parent\" data-id=\"f1c04d0\" data-element_type=\"container\">\n\t\t\t\t\t<div class=\"e-con-inner\">\n\t\t\t\t<div class=\"elementor-element elementor-element-4eae897 elementor-widget elementor-widget-text-editor\" data-id=\"4eae897\" data-element_type=\"widget\" data-widget_type=\"text-editor.default\">\n\t\t\t\t<div class=\"elementor-widget-container\">\n\t\t\t\t\t\t\t\t\t<table id=\"simple-table\" class=\"table table-bordered table-hover\"><thead><tr><th class=\"detail-col\" colspan=\"2\">Informations compl\u00e9mentaires sur la protection des donn\u00e9es<\/th><\/tr><\/thead><tbody><tr><td class=\"left\" width=\"30%\"><b>Responsable<\/b><\/td><td class=\"left\"><p><b>Responsable de traitement<\/b><br \/>\u00a0\u00a0Soci\u00e9t\u00e9 : ERNEST TORRAS CORNELLA \u2013 40357619W<br \/>\u00a0\u00a0Adresse : Carrer Roura, 23, 17250, Castell-Platja d&#039;Aro, G\u00e9rone<br \/>\u00a0\u00a0Contact: <a href=\"mailto:info@blaudaro.com\">info@blaudaro.com<\/a>\u00a0&#8211; 646941128<\/p><p><b>D\u00e9l\u00e9gu\u00e9 \u00e0 la protection des donn\u00e9es<\/b><br \/>\u00a0\u00a0Nom : DPO non requis \u2013<br \/>\u00a0\u00a0Contact: -<\/p><\/td><\/tr><tr><td class=\"left\" width=\"30%\"><b>But<\/b><\/td><td class=\"left\"><p><b>Dans quel but traitons-nous vos donn\u00e9es personnelles ?<\/b><br \/>Chez ERNEST TORRAS CORNELLA, nous traitons les informations qui nous sont fournies par les parties int\u00e9ress\u00e9es afin de :<br \/>\u00a0\u2022 Leur fournir un service<br \/>\u00a0\u2022 Gestion comptable, administrative, facturation et recouvrement.<br \/>\u00a0\u2022 Envoi d&#039;informations r\u00e9ciproques via la plateforme WhatsApp, sans que le Responsable puisse garantir que ladite plateforme prend des mesures de s\u00e9curit\u00e9 et effectue des traitements conform\u00e9ment au RGPD et \u00e0 la LOPDGDD.<br \/>\u00a0\u2022 R\u00e9servations<\/p><p><b>Combien de temps conserverons-nous vos donn\u00e9es ?<\/b><br \/>Les donn\u00e9es personnelles fournies seront conserv\u00e9es pendant une dur\u00e9e ind\u00e9termin\u00e9e \u00e0 compter de la derni\u00e8re confirmation d\u2019int\u00e9r\u00eat. (Tant que sa suppression n\u2019est pas demand\u00e9e ou que la relation commerciale est termin\u00e9e).<\/p><\/td><\/tr><tr><td class=\"left\" width=\"30%\"><b>L\u00e9gitimation<\/b><\/td><td class=\"left\">\u00a0\u2022 Consentement sans \u00e9quivoque<\/td><\/tr><tr><td class=\"left\" width=\"30%\"><b>Destinataires<\/b><\/td><td class=\"left\"><p><b>Administration fiscale<\/b><br \/><b>Banques et institutions financi\u00e8res<\/b><br \/><b>Management\/Conseil<\/b><br \/>\u00a0\u00a0Soci\u00e9t\u00e9 : SMV ASSESSORIA \u2013 40345309C<br \/>\u00a0\u00a0Adresse : TRAVESSIA DE LA CREU 22 ENTRESOL 1 \u2013 (17001) GIRONA<br \/>\u00a0\u00a0Contact : info@smvassessoria.com \u2013 655804351<\/p><p><b>Entit\u00e9s de conseil\/audit<\/b><br \/>\u00a0\u00a0Soci\u00e9t\u00e9 : LABORAL RGPD S.LU \u2013 B25857798<br \/>\u00a0\u00a0Adresse : CARRER GIRONA 42 \u2013 (25005) LLEIDA<br \/>\u00a0\u00a0Contact : info@laboralrgpd.com \u2013 678700800<\/p><p><b>Maintenance logicielle et mat\u00e9rielle des entit\u00e9s informatiques<\/b><br \/><b>Forces et organismes de s\u00e9curit\u00e9 de l&#039;\u00c9tat<\/b><\/p><\/td><\/tr><tr><td class=\"left\" width=\"30%\"><b>Droits<\/b><br \/><a href=\"https:\/\/intranet.laboralrgpd.com\/webApp\/clientes_derechos\/derechos-formulario.php?id_cliente=UjBSZjBsY2JKZStYUjB5SFY4UUZzZz09\" target=\"_blank\" rel=\"noopener\">(Droit de demande)<\/a><\/td><td class=\"left\"><p><b>\u2022 Droit de demander l\u2019acc\u00e8s aux donn\u00e9es personnelles relatives \u00e0 la personne concern\u00e9e<\/b><br \/>Vous avez le droit d\u2019\u00eatre inform\u00e9 des \u00e9l\u00e9ments suivants :<br \/>\u2022 Copie des donn\u00e9es personnelles trait\u00e9es.<br \/>\u2022 Les finalit\u00e9s du traitement, les cat\u00e9gories de donn\u00e9es personnelles trait\u00e9es et les \u00e9ventuelles communications de donn\u00e9es et leurs destinataires.<br \/>\u2022 Si possible, la dur\u00e9e de conservation de vos donn\u00e9es. Sinon, les crit\u00e8res pour d\u00e9terminer cette p\u00e9riode.<br \/>\u2022 Le droit de demander la rectification ou l\u2019effacement des donn\u00e9es, la limitation du traitement, ou de s\u2019y opposer.<br \/>\u2022 Le droit de d\u00e9poser une plainte aupr\u00e8s de l\u2019Autorit\u00e9 de contr\u00f4le.<br \/>\u2022 Si un transfert international de donn\u00e9es a lieu, recevez des informations sur les garanties appropri\u00e9es.<br \/>\u2022 L\u2019existence de d\u00e9cisions automatis\u00e9es (y compris les profils), la logique appliqu\u00e9e et les cons\u00e9quences de ce traitement.<\/p><p><b>\u2022 Droit de demander une rectification<\/b><br \/>Vous avez le droit, outre de rectifier les donn\u00e9es inexactes, d\u2019obtenir que les donn\u00e9es personnelles incompl\u00e8tes soient compl\u00e9t\u00e9es, y compris par une d\u00e9claration compl\u00e9mentaire.<\/p><p><b>\u2022 Droit de demander la suppression<\/b><br \/>Avec ce droit, vous pouvez demander :<br \/>\u2022 La suppression des donn\u00e9es personnelles est effectu\u00e9e sans retard injustifi\u00e9 lorsque l\u2019un des cas envisag\u00e9s se produit. Par exemple, en cas de traitement illicite de donn\u00e9es, ou lorsque la finalit\u00e9 qui a motiv\u00e9 le traitement ou la collecte a disparu.<br \/>\u2022 Toutefois, une s\u00e9rie d\u2019exceptions sont r\u00e9glement\u00e9es dans lesquelles ce droit ne s\u2019appliquera pas. Par exemple, lorsque le droit \u00e0 la libert\u00e9 d\u2019expression et d\u2019information doit pr\u00e9valoir.<\/p><p><b>\u2022 Droit de demander votre opposition<\/b><br \/>Gr\u00e2ce au droit d&#039;opposition, vous pouvez vous opposer au traitement de vos donn\u00e9es personnelles :<br \/>\u2022 Lorsque pour des raisons tenant \u00e0 votre situation personnelle, le traitement de vos donn\u00e9es doit cesser, sauf si un int\u00e9r\u00eat l\u00e9gitime est prouv\u00e9, ou s\u2019il est n\u00e9cessaire \u00e0 l\u2019exercice ou \u00e0 la d\u00e9fense de r\u00e9clamations.<br \/>\u2022 Lorsque la finalit\u00e9 du traitement est le marketing direct.<\/p><p><b>\u2022 Droit \u00e0 la portabilit\u00e9 des donn\u00e9es<\/b><br \/>Vous pourrez recevoir vos donn\u00e9es personnelles fournies dans un format structur\u00e9, couramment utilis\u00e9 et lisible par machine, et pouvoir les transmettre \u00e0 un autre responsable du traitement, chaque fois que cela est techniquement possible.<\/p><p><b>\u2022 Droit de demander la limitation de votre traitement<\/b><br \/>Ce droit vous permet de :<br \/>\u2022 Demander au responsable de suspendre le traitement des donn\u00e9es lorsque :<br \/>\u2013 L\u2019exactitude des donn\u00e9es est contest\u00e9e, tandis que ladite exactitude est v\u00e9rifi\u00e9e par le responsable.<br \/>\u2013 L\u2019int\u00e9ress\u00e9 a exerc\u00e9 son droit d\u2019opposition au traitement des donn\u00e9es, pendant qu\u2019il est v\u00e9rifi\u00e9 si les motifs l\u00e9gitimes du responsable pr\u00e9valent sur ceux de l\u2019int\u00e9ress\u00e9.<br \/>\u2022 Demander \u00e0 la personne responsable de conserver vos donn\u00e9es personnelles lorsque :<br \/>\u2013 Le traitement des donn\u00e9es est illicite et l\u2019int\u00e9ress\u00e9 s\u2019oppose \u00e0 la suppression de ses donn\u00e9es et demande \u00e0 la place la limitation de leur utilisation.<br \/>\u2013 Le responsable n\u2019a plus besoin des donn\u00e9es aux fins du traitement, mais l\u2019int\u00e9ress\u00e9 en a besoin pour la formulation, l\u2019exercice ou la d\u00e9fense de r\u00e9clamations.<\/p><p><b>\u2022 Droit de ne pas \u00eatre soumis \u00e0 des d\u00e9cisions individualis\u00e9es<\/b><br \/>Vous avez le droit de ne pas faire l\u2019objet d\u2019une d\u00e9cision fond\u00e9e exclusivement sur un traitement automatis\u00e9, y compris le profilage, produisant des effets juridiques ou vous affectant.<br \/>Ce qui pr\u00e9c\u00e8de est except\u00e9 lorsque :<br \/>\u2022 Elle est n\u00e9cessaire \u00e0 la conclusion ou \u00e0 l\u2019ex\u00e9cution d\u2019un contrat.<br \/>\u2022 Cela est autoris\u00e9 par le droit de l\u2019UE ou de l\u2019\u00c9tat membre, avec des mesures appropri\u00e9es pour sauvegarder les droits et les libert\u00e9s de la personne concern\u00e9e.<br \/>\u2022 Il existe un consentement explicite de la personne concern\u00e9e.<\/p><p><b>\u2022 Droit de retirer le consentement donn\u00e9<\/b><br \/>Le retrait du consentement n\u2019affectera pas la lic\u00e9it\u00e9 du traitement fond\u00e9 sur le consentement ant\u00e9rieur \u00e0 son retrait. Avant de donner son consentement, l\u2019int\u00e9ress\u00e9 en sera inform\u00e9.<\/p><p><b>\u2022 Droit de porter plainte aupr\u00e8s de l&#039;Autorit\u00e9 de contr\u00f4le<\/b><br \/>Toute personne int\u00e9ress\u00e9e peut d\u00e9poser une plainte aupr\u00e8s de l\u2019autorit\u00e9 de contr\u00f4le de tout \u00c9tat de l\u2019UE si elle consid\u00e8re que le traitement de ses donn\u00e9es personnelles n\u2019est pas conforme aux dispositions du R\u00e8glement.<\/p><\/td><\/tr><\/tbody><\/table><div id=\"gtx-trans\" style=\"position: absolute; left: 262px; top: 107px;\"><div class=\"gtx-trans-icon\">\u00a0<\/div><\/div>\t\t\t\t\t\t\t\t<\/div>\n\t\t\t\t<\/div>\n\t\t\t\t<div class=\"elementor-element elementor-element-6c2623a elementor-align-left elementor-widget__width-inherit elementor-widget elementor-widget-button\" data-id=\"6c2623a\" data-element_type=\"widget\" data-widget_type=\"button.default\">\n\t\t\t\t<div class=\"elementor-widget-container\">\n\t\t\t\t\t\t\t\t\t<div class=\"elementor-button-wrapper\">\n\t\t\t\t\t<a class=\"elementor-button elementor-button-link elementor-size-sm\" href=\"https:\/\/blaudaro.com\/fr\">\n\t\t\t\t\t\t<span class=\"elementor-button-content-wrapper\">\n\t\t\t\t\t\t<span class=\"elementor-button-icon\">\n\t\t\t\t<i aria-hidden=\"true\" class=\"fas fa-arrow-left\"><\/i>\t\t\t<\/span>\n\t\t\t\t\t\t\t\t\t<span class=\"elementor-button-text\">Retour en haut<\/span>\n\t\t\t\t\t<\/span>\n\t\t\t\t\t<\/a>\n\t\t\t\t<\/div>\n\t\t\t\t\t\t\t\t<\/div>\n\t\t\t\t<\/div>\n\t\t\t\t\t<\/div>\n\t\t\t\t<\/div>\n\t\t\t\t<\/div>","protected":false},"excerpt":{"rendered":"<p>Volver al inicio Informaci\u00f3n Adicional sobre Protecci\u00f3n de Datos Responsable Responsable Tratamiento\u00a0\u00a0Empresa: ERNEST TORRAS CORNELLA &#8211; 40357619W\u00a0\u00a0Direccion: Carrer Roura, 23, 17250, Castell-Platja d\u2019Aro, Girona\u00a0\u00a0Contacto: info@blaudaro.com\u00a0&#8211; 646941128 Delegado Proteccion de Datos\u00a0\u00a0Nombre: No es necesario DPO &#8211;\u00a0\u00a0Contacto: &#8211; Finalidad \u00bfCon qu\u00e9 finalidad tratamos sus datos personales?En ERNEST TORRAS CORNELLA tratamos la informaci\u00f3n que nos facilitan las personas [&hellip;]<\/p>","protected":false},"author":1,"featured_media":0,"parent":0,"menu_order":0,"comment_status":"closed","ping_status":"closed","template":"elementor_header_footer","meta":{"footnotes":""},"class_list":["post-648","page","type-page","status-publish","hentry"],"_links":{"self":[{"href":"https:\/\/blaudaro.com\/fr\/wp-json\/wp\/v2\/pages\/648","targetHints":{"allow":["GET"]}}],"collection":[{"href":"https:\/\/blaudaro.com\/fr\/wp-json\/wp\/v2\/pages"}],"about":[{"href":"https:\/\/blaudaro.com\/fr\/wp-json\/wp\/v2\/types\/page"}],"author":[{"embeddable":true,"href":"https:\/\/blaudaro.com\/fr\/wp-json\/wp\/v2\/users\/1"}],"replies":[{"embeddable":true,"href":"https:\/\/blaudaro.com\/fr\/wp-json\/wp\/v2\/comments?post=648"}],"version-history":[{"count":31,"href":"https:\/\/blaudaro.com\/fr\/wp-json\/wp\/v2\/pages\/648\/revisions"}],"predecessor-version":[{"id":795,"href":"https:\/\/blaudaro.com\/fr\/wp-json\/wp\/v2\/pages\/648\/revisions\/795"}],"wp:attachment":[{"href":"https:\/\/blaudaro.com\/fr\/wp-json\/wp\/v2\/media?parent=648"}],"curies":[{"name":"wp","href":"https:\/\/api.w.org\/{rel}","templated":true}]}}